{"id":4505,"date":"2020-03-08T23:15:34","date_gmt":"2020-03-08T22:15:34","guid":{"rendered":"https:\/\/softreck.pl\/?page_id=4505"},"modified":"2020-03-08T23:43:28","modified_gmt":"2020-03-08T22:43:28","slug":"planowanie-i-rozliczanie-czasu","status":"publish","type":"page","link":"https:\/\/softreck.de\/de\/oprogramowanie-dedykowane\/planowanie-i-rozliczanie-czasu\/","title":{"rendered":"Planowanie i rozliczanie czasu"},"content":{"rendered":"<p>Oprogramowanie dedykowane dla ka\u017cdej formy dzia\u0142alno\u015bci, gdzie konieczne jest w przesjrzysty spos\u00f3b przegl\u0105d oraz zarz\u0105dzanie czasem.<\/p>\n\n\n\n<p><\/p>\n\n\n\n<h2 class=\"wp-block-heading\"><span class=\"ez-toc-section\" id=\"harmonogrampl\"><\/span>harmonogram.pl<span class=\"ez-toc-section-end\"><\/span><\/h2>\n\n\n\n<p>Portal w chmurze, kt\u00f3ry umo\u017cliwia generowanie harmonogram\u00f3w dla ka\u017cdej organizacji oraz ich udost\u0119pnianie poprzez e-mail lub na mediach spo\u0142eczno\u015bciowych w formie graficznej lub animacji.<\/p>\n\n\n\n<p>Planowanie d\u0142ugoterminowe, tygodniowe, miesi\u0119czne, kwartalne, roczne, dekady.<\/p>\n\n\n\n<h2 class=\"wp-block-heading\"><span class=\"ez-toc-section\" id=\"nieobecnoscpl\"><\/span>nieobecnosc.pl<span class=\"ez-toc-section-end\"><\/span><\/h2>\n\n\n\n<p>absencja pracownicza w firmach, proste rozwi\u0105zanie dla ka\u017cdej firmy.<\/p>\n\n\n\n<h2 class=\"wp-block-heading\"><span class=\"ez-toc-section\" id=\"terminOSpl\"><\/span>terminOS.pl<span class=\"ez-toc-section-end\"><\/span><\/h2>\n\n\n\n<p> Biblioteka do zarz\u0105dzania czasem, generuj\u0105ca siatki czasu, harmonogramy, grafiki czasu.<\/p>\n\n\n\n<p>Biblioteka w wersji na j\u0119zyk PHP, mo\u017cliwe te\u017c wygenerowanie API, SDK, dla innych j\u0119zyk\u00f3w programowania, takich jak:<\/p>\n\n\n\n<ul class=\"wp-block-list\"><li>python<\/li><li>javascript \/ nodejs <\/li><li>java<\/li><\/ul>\n<div style='text-align:left' class='yasr-auto-insert-visitor'><\/div>","protected":false},"excerpt":{"rendered":"<p>Oprogramowanie dedykowane dla ka\u017cdej formy dzia\u0142alno\u015bci, gdzie konieczne jest w przesjrzysty spos\u00f3b przegl\u0105d oraz zarz\u0105dzanie czasem. harmonogram.pl Portal w chmurze, kt\u00f3ry umo\u017cliwia generowanie harmonogram\u00f3w dla ka\u017cdej organizacji oraz ich udost\u0119pnianie poprzez e-mail lub na mediach spo\u0142eczno\u015bciowych w formie graficznej lub animacji. Planowanie d\u0142ugoterminowe, tygodniowe, miesi\u0119czne, kwartalne, roczne, dekady. nieobecnosc.pl absencja pracownicza w firmach, proste rozwi\u0105zanie [&hellip;]<\/p>\n","protected":false},"author":1,"featured_media":0,"parent":3802,"menu_order":0,"comment_status":"closed","ping_status":"closed","template":"","meta":{"yasr_overall_rating":0,"yasr_post_is_review":"","yasr_auto_insert_disabled":"","yasr_review_type":"","footnotes":""},"class_list":["post-4505","page","type-page","status-publish","hentry"],"yasr_visitor_votes":{"stars_attributes":{"read_only":false,"span_bottom":false},"number_of_votes":0,"sum_votes":0},"_links":{"self":[{"href":"https:\/\/softreck.de\/de\/wp-json\/wp\/v2\/pages\/4505","targetHints":{"allow":["GET"]}}],"collection":[{"href":"https:\/\/softreck.de\/de\/wp-json\/wp\/v2\/pages"}],"about":[{"href":"https:\/\/softreck.de\/de\/wp-json\/wp\/v2\/types\/page"}],"author":[{"embeddable":true,"href":"https:\/\/softreck.de\/de\/wp-json\/wp\/v2\/users\/1"}],"replies":[{"embeddable":true,"href":"https:\/\/softreck.de\/de\/wp-json\/wp\/v2\/comments?post=4505"}],"version-history":[{"count":2,"href":"https:\/\/softreck.de\/de\/wp-json\/wp\/v2\/pages\/4505\/revisions"}],"predecessor-version":[{"id":4509,"href":"https:\/\/softreck.de\/de\/wp-json\/wp\/v2\/pages\/4505\/revisions\/4509"}],"up":[{"embeddable":true,"href":"https:\/\/softreck.de\/de\/wp-json\/wp\/v2\/pages\/3802"}],"wp:attachment":[{"href":"https:\/\/softreck.de\/de\/wp-json\/wp\/v2\/media?parent=4505"}],"curies":[{"name":"wp","href":"https:\/\/api.w.org\/{rel}","templated":true}]}}