{"id":4501,"date":"2020-03-08T23:07:55","date_gmt":"2020-03-08T22:07:55","guid":{"rendered":"https:\/\/softreck.pl\/?page_id=4501"},"modified":"2020-03-08T23:09:00","modified_gmt":"2020-03-08T22:09:00","slug":"zarzadzanie-domen-internetowych","status":"publish","type":"page","link":"https:\/\/softreck.de\/de\/oprogramowanie-dedykowane\/zarzadzanie-domen-internetowych\/","title":{"rendered":"Zarz\u0105dzanie domen internetowych"},"content":{"rendered":"<p>Dedykowane rozwi\u0105zanie dla bran\u017cy domainingu<\/p>\n\n\n\n<h2 class=\"wp-block-heading\"><span class=\"ez-toc-section\" id=\"dombotpl\"><\/span>dombot.pl<span class=\"ez-toc-section-end\"><\/span><\/h2>\n\n\n\n<p>zestaw narz\u0119dzi ( zestaw integrator\u00f3w\/kreator\u00f3w dla API ) pomagaj\u0105cy w zarz\u0105dzaniu domenami utrzymywanymi u r\u00f3\u017cnych rejestrator\u00f3w na \u015bwiecie.<\/p>\n\n\n\n<p>U\u0142atwienie tworzenia aplikacji w chmurze, bez potrzeby \u017cmudnej konfiguracji oraz instalacji oprgramowania<\/p>\n\n\n\n<p><\/p>\n\n\n\n<h2 class=\"wp-block-heading\"><span class=\"ez-toc-section\" id=\"renamepl\"><\/span>rename.pl<span class=\"ez-toc-section-end\"><\/span><\/h2>\n\n\n\n<p>do generowania nazw domen oraz wyszukiwania i zg\u0142aszania ofert:<\/p>\n\n\n\n<ul class=\"wp-block-list\"><li>domeny wolny, niezarejstrowane<\/li><li>domeny zaj\u0119te, na parkingach, z ofertami sprzeda\u017cy, oraz ca\u0142e biznesy oparte o znalezion\u0105 domen\u0119<\/li><\/ul>\n\n\n\n<h2 class=\"wp-block-heading\"><span class=\"ez-toc-section\" id=\"telemonitorowaniepl\"><\/span>telemonitorowanie.pl<span class=\"ez-toc-section-end\"><\/span><\/h2>\n\n\n\n<p>specjalne algorytmy do monitorowania ruchu na domenach<\/p>\n\n\n\n<p><\/p>\n\n\n\n<h2 class=\"wp-block-heading\"><span class=\"ez-toc-section\" id=\"FaaSappcom\"><\/span>FaaSapp.com<span class=\"ez-toc-section-end\"><\/span><\/h2>\n\n\n\n<p>rozwi\u0105zanie FaaS &#8211; Function as a Service, s\u0142u\u017c\u0105ce do uruchamiania aplikacji w chmurze, bez potrzeby konfiguracji serwera.<\/p>\n\n\n\n<p>Przydatne przy integracji z dombot, w celu uruchomienia dowolnej aplikacji<\/p>\n<div style='text-align:left' class='yasr-auto-insert-visitor'><\/div>","protected":false},"excerpt":{"rendered":"<p>Dedykowane rozwi\u0105zanie dla bran\u017cy domainingu dombot.pl zestaw narz\u0119dzi ( zestaw integrator\u00f3w\/kreator\u00f3w dla API ) pomagaj\u0105cy w zarz\u0105dzaniu domenami utrzymywanymi u r\u00f3\u017cnych rejestrator\u00f3w na \u015bwiecie. U\u0142atwienie tworzenia aplikacji w chmurze, bez potrzeby \u017cmudnej konfiguracji oraz instalacji oprgramowania rename.pl do generowania nazw domen oraz wyszukiwania i zg\u0142aszania ofert: domeny wolny, niezarejstrowane domeny zaj\u0119te, na parkingach, z ofertami [&hellip;]<\/p>\n","protected":false},"author":1,"featured_media":0,"parent":3802,"menu_order":0,"comment_status":"closed","ping_status":"closed","template":"","meta":{"yasr_overall_rating":0,"yasr_post_is_review":"","yasr_auto_insert_disabled":"","yasr_review_type":"","footnotes":""},"class_list":["post-4501","page","type-page","status-publish","hentry"],"yasr_visitor_votes":{"stars_attributes":{"read_only":false,"span_bottom":false},"number_of_votes":0,"sum_votes":0},"_links":{"self":[{"href":"https:\/\/softreck.de\/de\/wp-json\/wp\/v2\/pages\/4501","targetHints":{"allow":["GET"]}}],"collection":[{"href":"https:\/\/softreck.de\/de\/wp-json\/wp\/v2\/pages"}],"about":[{"href":"https:\/\/softreck.de\/de\/wp-json\/wp\/v2\/types\/page"}],"author":[{"embeddable":true,"href":"https:\/\/softreck.de\/de\/wp-json\/wp\/v2\/users\/1"}],"replies":[{"embeddable":true,"href":"https:\/\/softreck.de\/de\/wp-json\/wp\/v2\/comments?post=4501"}],"version-history":[{"count":2,"href":"https:\/\/softreck.de\/de\/wp-json\/wp\/v2\/pages\/4501\/revisions"}],"predecessor-version":[{"id":4504,"href":"https:\/\/softreck.de\/de\/wp-json\/wp\/v2\/pages\/4501\/revisions\/4504"}],"up":[{"embeddable":true,"href":"https:\/\/softreck.de\/de\/wp-json\/wp\/v2\/pages\/3802"}],"wp:attachment":[{"href":"https:\/\/softreck.de\/de\/wp-json\/wp\/v2\/media?parent=4501"}],"curies":[{"name":"wp","href":"https:\/\/api.w.org\/{rel}","templated":true}]}}