{"id":4492,"date":"2020-03-08T22:36:57","date_gmt":"2020-03-08T21:36:57","guid":{"rendered":"https:\/\/softreck.pl\/?page_id=4492"},"modified":"2020-03-08T22:55:32","modified_gmt":"2020-03-08T21:55:32","slug":"nowosci","status":"publish","type":"page","link":"https:\/\/softreck.de\/de\/nowosci\/","title":{"rendered":"Nowo\u015bci"},"content":{"rendered":"<p>Najnowsze informacje zwi\u0105zane z aktywno\u015bci\u0105 publiczn\u0105 firmy Softreck<\/p>\n\n\n\n<figure class=\"wp-block-image size-large\"><img loading=\"lazy\" decoding=\"async\" width=\"805\" height=\"245\" src=\"https:\/\/softreck.de\/wp-content\/uploads\/2020\/02\/w-tle-2-wide-1.png\" alt=\"\" class=\"wp-image-4077\" srcset=\"https:\/\/softreck.de\/wp-content\/uploads\/2020\/02\/w-tle-2-wide-1.png 805w, https:\/\/softreck.de\/wp-content\/uploads\/2020\/02\/w-tle-2-wide-1-300x91.png 300w, https:\/\/softreck.de\/wp-content\/uploads\/2020\/02\/w-tle-2-wide-1-768x234.png 768w\" sizes=\"auto, (max-width: 805px) 100vw, 805px\" \/><\/figure>\n\n\n\n<div class=\"pt-cv-wrapper\"><div class=\"pt-cv-view pt-cv-grid pt-cv-colsys\" id=\"pt-cv-view-1f8b9ec2x0\"><div data-id=\"pt-cv-page-1\" class=\"pt-cv-page\" data-cvc=\"1\"><div class=\"col-md-12 col-sm-12 col-xs-12 pt-cv-content-item pt-cv-2-col\" ><div class='pt-cv-ifield'><a href=\"https:\/\/softreck.de\/de\/wizja-strategia-misja-a-srodowisko\/\" class=\"_self pt-cv-href-thumbnail pt-cv-thumb-left\" target=\"_self\" ><img loading=\"lazy\" decoding=\"async\" width=\"150\" height=\"150\" src=\"https:\/\/softreck.de\/wp-content\/uploads\/2020\/02\/Depositphotos_328812512_xl-2015-150x150.jpg\" class=\"pt-cv-thumbnail pull-left\" alt=\"\" srcset=\"https:\/\/softreck.de\/wp-content\/uploads\/2020\/02\/Depositphotos_328812512_xl-2015-150x150.jpg 150w, https:\/\/softreck.de\/wp-content\/uploads\/2020\/02\/Depositphotos_328812512_xl-2015-50x50.jpg 50w, https:\/\/softreck.de\/wp-content\/uploads\/2020\/02\/Depositphotos_328812512_xl-2015-80x80.jpg 80w\" sizes=\"auto, (max-width: 150px) 100vw, 150px\" \/><\/a>\n<h4 class=\"pt-cv-title\"><span class=\"ez-toc-section\" id=\"Wizja_strategia_misja_a_srodowisko\"><\/span><a href=\"https:\/\/softreck.de\/de\/wizja-strategia-misja-a-srodowisko\/\" class=\"_self\" target=\"_self\" >Wizja, strategia, misja a \u015brodowisko<\/a><span class=\"ez-toc-section-end\"><\/span><\/h4>\n<div class=\"pt-cv-content\">\n<p>Firma ma szans\u0119 szybciej si\u0119 rozwin\u0105\u0107 w \u015brodowisku sprzyjaj\u0105cemu wzrostom.<\/p>\n\n\n\n<a class=\"btn btn-sm\" href=\"https:\/\/softreck.de\/de\/wizja-strategia-misja-a-srodowisko\/\">Weiterlesen<\/a><div style='text-align:left' class='yasr-auto-insert-visitor'><\/div><\/div><\/div><\/div>\n<div class=\"col-md-12 col-sm-12 col-xs-12 pt-cv-content-item pt-cv-2-col\" ><div class='pt-cv-ifield'><a href=\"https:\/\/softreck.de\/de\/jak-wprowadzic-usluge-lub-produkt-na-rynek-w-kilka-dni\/\" class=\"_self pt-cv-href-thumbnail pt-cv-thumb-left\" target=\"_self\" ><img loading=\"lazy\" decoding=\"async\" width=\"150\" height=\"150\" src=\"https:\/\/softreck.de\/wp-content\/uploads\/2020\/03\/chrome_2020-03-07_14-46-35-150x150.png\" class=\"pt-cv-thumbnail pull-left\" alt=\"\" srcset=\"https:\/\/softreck.de\/wp-content\/uploads\/2020\/03\/chrome_2020-03-07_14-46-35-150x150.png 150w, https:\/\/softreck.de\/wp-content\/uploads\/2020\/03\/chrome_2020-03-07_14-46-35-50x50.png 50w, https:\/\/softreck.de\/wp-content\/uploads\/2020\/03\/chrome_2020-03-07_14-46-35-80x80.png 80w\" sizes=\"auto, (max-width: 150px) 100vw, 150px\" \/><\/a>\n<h4 class=\"pt-cv-title\"><span class=\"ez-toc-section\" id=\"Jak_wprowadzic_usluge_lub_produkt_na_rynek_w_kilka_dni\"><\/span><a href=\"https:\/\/softreck.de\/de\/jak-wprowadzic-usluge-lub-produkt-na-rynek-w-kilka-dni\/\" class=\"_self\" target=\"_self\" >Jak wprowadzi\u0107 us\u0142ug\u0119 lub produkt na rynek w kilka dni?<\/a><span class=\"ez-toc-section-end\"><\/span><\/h4>\n<div class=\"pt-cv-content\">\n<p>Jak szybko wprowadzi\u0107 us\u0142ug\u0119 na rynek?<\/p>\n\n\n\n<a class=\"btn btn-sm\" href=\"https:\/\/softreck.de\/de\/jak-wprowadzic-usluge-lub-produkt-na-rynek-w-kilka-dni\/\">Weiterlesen<\/a><div style='text-align:left' class='yasr-auto-insert-visitor'><\/div><\/div><\/div><\/div>\n<div class=\"col-md-12 col-sm-12 col-xs-12 pt-cv-content-item pt-cv-2-col\" ><div class='pt-cv-ifield'><a href=\"https:\/\/softreck.de\/de\/wetware-pl\/\" class=\"_self pt-cv-href-thumbnail pt-cv-thumb-left\" target=\"_self\" ><img loading=\"lazy\" decoding=\"async\" width=\"150\" height=\"150\" src=\"https:\/\/softreck.de\/wp-content\/uploads\/2020\/03\/wetware-300-5-150x150.png\" class=\"pt-cv-thumbnail pull-left\" alt=\"\" srcset=\"https:\/\/softreck.de\/wp-content\/uploads\/2020\/03\/wetware-300-5-150x150.png 150w, https:\/\/softreck.de\/wp-content\/uploads\/2020\/03\/wetware-300-5-50x50.png 50w, https:\/\/softreck.de\/wp-content\/uploads\/2020\/03\/wetware-300-5-80x80.png 80w\" sizes=\"auto, (max-width: 150px) 100vw, 150px\" \/><\/a>\n<h4 class=\"pt-cv-title\"><span class=\"ez-toc-section\" id=\"Wetwarepl\"><\/span><a href=\"https:\/\/softreck.de\/de\/wetware-pl\/\" class=\"_self\" target=\"_self\" >Wetware.pl<\/a><span class=\"ez-toc-section-end\"><\/span><\/h4>\n<div class=\"pt-cv-content\">\n<p>Na platformie <strong>wetware .pl <\/strong>dajemy mo\u017cliwo\u015b\u0107 doskonalenia zespo\u0142u, do tego slu\u017c\u0105 narz\u0119dzia bezp\u0142atne oraz p\u0142atne szkolenia. <\/p>\n<div style='text-align:left' class='yasr-auto-insert-visitor'><\/div><\/div><\/div><\/div>\n<div class=\"col-md-12 col-sm-12 col-xs-12 pt-cv-content-item pt-cv-2-col\" ><div class='pt-cv-ifield'><a href=\"https:\/\/softreck.de\/de\/harmonogram-pl\/\" class=\"_self pt-cv-href-thumbnail pt-cv-thumb-left\" target=\"_self\" ><\/a>\n<h4 class=\"pt-cv-title\"><span class=\"ez-toc-section\" id=\"harmonogrampl\"><\/span><a href=\"https:\/\/softreck.de\/de\/harmonogram-pl\/\" class=\"_self\" target=\"_self\" >harmonogram.pl<\/a><span class=\"ez-toc-section-end\"><\/span><\/h4>\n<div class=\"pt-cv-content\">\n<p>planowanie d\u0142ugoterminowe, tygodniowe, miesi\u0119czne, kwartalne, roczne, dekady <\/p>\n<div style='text-align:left' class='yasr-auto-insert-visitor'><\/div><\/div><\/div><\/div>\n<div class=\"col-md-12 col-sm-12 col-xs-12 pt-cv-content-item pt-cv-2-col\" ><div class='pt-cv-ifield'><a href=\"https:\/\/softreck.de\/de\/nieobecnosc-pl\/\" class=\"_self pt-cv-href-thumbnail pt-cv-thumb-left\" target=\"_self\" ><\/a>\n<h4 class=\"pt-cv-title\"><span class=\"ez-toc-section\" id=\"nieobecnoscpl\"><\/span><a href=\"https:\/\/softreck.de\/de\/nieobecnosc-pl\/\" class=\"_self\" target=\"_self\" >nieobecnosc.pl<\/a><span class=\"ez-toc-section-end\"><\/span><\/h4>\n<div class=\"pt-cv-content\">\n<p> absencja pracownicza w firmach, proste rozwi\u0105zanie dla ka\u017cdej firmy <\/p>\n<div style='text-align:left' class='yasr-auto-insert-visitor'><\/div><\/div><\/div><\/div>\n<div class=\"col-md-12 col-sm-12 col-xs-12 pt-cv-content-item pt-cv-2-col\" ><div class='pt-cv-ifield'><a href=\"https:\/\/softreck.de\/de\/zlece-net\/\" class=\"_self pt-cv-href-thumbnail pt-cv-thumb-left\" target=\"_self\" ><\/a>\n<h4 class=\"pt-cv-title\"><span class=\"ez-toc-section\" id=\"zlecenet\"><\/span><a href=\"https:\/\/softreck.de\/de\/zlece-net\/\" class=\"_self\" target=\"_self\" >zlece.net<\/a><span class=\"ez-toc-section-end\"><\/span><\/h4>\n<div class=\"pt-cv-content\">\n<p> Gie\u0142da zlece\u0144, gdzie mo\u017cna zamie\u015bci\u0107 zlecnie do wykonania <\/p>\n<div style='text-align:left' class='yasr-auto-insert-visitor'><\/div><\/div><\/div><\/div>\n<div class=\"col-md-12 col-sm-12 col-xs-12 pt-cv-content-item pt-cv-2-col\" ><div class='pt-cv-ifield'><a href=\"https:\/\/softreck.de\/de\/terminos\/\" class=\"_self pt-cv-href-thumbnail pt-cv-thumb-left\" target=\"_self\" ><\/a>\n<h4 class=\"pt-cv-title\"><span class=\"ez-toc-section\" id=\"terminOS\"><\/span><a href=\"https:\/\/softreck.de\/de\/terminos\/\" class=\"_self\" target=\"_self\" >terminOS<\/a><span class=\"ez-toc-section-end\"><\/span><\/h4>\n<div class=\"pt-cv-content\">\n<p>Biblioteka generuj\u0105ca siatki czasu, harmonogramy, grafiki czasu<\/p>\n\n\n\n<a class=\"btn btn-sm\" href=\"https:\/\/softreck.de\/de\/terminos\/\">Weiterlesen<\/a><div style='text-align:left' class='yasr-auto-insert-visitor'><\/div><\/div><\/div><\/div>\n<div class=\"col-md-12 col-sm-12 col-xs-12 pt-cv-content-item pt-cv-2-col\" ><div class='pt-cv-ifield'><a href=\"https:\/\/softreck.de\/de\/pogotowie-net\/\" class=\"_self pt-cv-href-thumbnail pt-cv-thumb-left\" target=\"_self\" ><\/a>\n<h4 class=\"pt-cv-title\"><span class=\"ez-toc-section\" id=\"pogotowienet\"><\/span><a href=\"https:\/\/softreck.de\/de\/pogotowie-net\/\" class=\"_self\" target=\"_self\" >pogotowie.net<\/a><span class=\"ez-toc-section-end\"><\/span><\/h4>\n<div class=\"pt-cv-content\">\n<p>Bezpo\u015brednie wsparcie techniczne dla klient\u00f3w firmy softreck.<\/p>\n\n\n\n<p>Najszybsza i najlepsza jako\u015b\u0107 dla oprogramowania wspieranego przez nas.<\/p>\n<div style='text-align:left' class='yasr-auto-insert-visitor'><\/div><\/div><\/div><\/div>\n<div class=\"col-md-12 col-sm-12 col-xs-12 pt-cv-content-item pt-cv-2-col\" ><div class='pt-cv-ifield'><a href=\"https:\/\/softreck.de\/de\/devopsterminal\/\" class=\"_self pt-cv-href-thumbnail pt-cv-thumb-left\" target=\"_self\" ><\/a>\n<h4 class=\"pt-cv-title\"><span class=\"ez-toc-section\" id=\"DevOpsTerminal\"><\/span><a href=\"https:\/\/softreck.de\/de\/devopsterminal\/\" class=\"_self\" target=\"_self\" >DevOpsTerminal<\/a><span class=\"ez-toc-section-end\"><\/span><\/h4>\n<div class=\"pt-cv-content\">\n<figure class=\"wp-block-embed\"><div class=\"wp-block-embed__wrapper\">\nhttps:\/\/github.com\/DevOpsTerminal\n<\/div><\/figure>\n<div style='text-align:left' class='yasr-auto-insert-visitor'><\/div><\/div><\/div><\/div>\n<div class=\"col-md-12 col-sm-12 col-xs-12 pt-cv-content-item pt-cv-2-col\" ><div class='pt-cv-ifield'><a href=\"https:\/\/softreck.de\/de\/promagen\/\" class=\"_self pt-cv-href-thumbnail pt-cv-thumb-left\" target=\"_self\" ><\/a>\n<h4 class=\"pt-cv-title\"><span class=\"ez-toc-section\" id=\"ProMaGen\"><\/span><a href=\"https:\/\/softreck.de\/de\/promagen\/\" class=\"_self\" target=\"_self\" >ProMaGen<\/a><span class=\"ez-toc-section-end\"><\/span><\/h4>\n<div class=\"pt-cv-content\">\n<p>Zarz\u0105dzanie projektami, wykonywanie skrypt\u00f3w basha poprzez interface GUI w przegl\u0105darce www<\/p>\n\n\n\n<figure class=\"wp-block-embed\"><div class=\"wp-block-embed__wrapper\">\nhttps:\/\/github.com\/promagen\n<\/div><\/figure>\n<div style='text-align:left' class='yasr-auto-insert-visitor'><\/div><\/div><\/div><\/div><\/div><\/div><\/div>\n<div style='text-align:left' class='yasr-auto-insert-visitor'><\/div>","protected":false},"excerpt":{"rendered":"<p>Najnowsze informacje zwi\u0105zane z aktywno\u015bci\u0105 publiczn\u0105 firmy Softreck<\/p>","protected":false},"author":1,"featured_media":87,"parent":0,"menu_order":0,"comment_status":"closed","ping_status":"closed","template":"","meta":{"yasr_overall_rating":0,"yasr_post_is_review":"","yasr_auto_insert_disabled":"","yasr_review_type":"","footnotes":""},"class_list":["post-4492","page","type-page","status-publish","has-post-thumbnail","hentry"],"yasr_visitor_votes":{"stars_attributes":{"read_only":false,"span_bottom":false},"number_of_votes":0,"sum_votes":0},"_links":{"self":[{"href":"https:\/\/softreck.de\/de\/wp-json\/wp\/v2\/pages\/4492","targetHints":{"allow":["GET"]}}],"collection":[{"href":"https:\/\/softreck.de\/de\/wp-json\/wp\/v2\/pages"}],"about":[{"href":"https:\/\/softreck.de\/de\/wp-json\/wp\/v2\/types\/page"}],"author":[{"embeddable":true,"href":"https:\/\/softreck.de\/de\/wp-json\/wp\/v2\/users\/1"}],"replies":[{"embeddable":true,"href":"https:\/\/softreck.de\/de\/wp-json\/wp\/v2\/comments?post=4492"}],"version-history":[{"count":5,"href":"https:\/\/softreck.de\/de\/wp-json\/wp\/v2\/pages\/4492\/revisions"}],"predecessor-version":[{"id":4500,"href":"https:\/\/softreck.de\/de\/wp-json\/wp\/v2\/pages\/4492\/revisions\/4500"}],"wp:featuredmedia":[{"embeddable":true,"href":"https:\/\/softreck.de\/de\/wp-json\/wp\/v2\/media\/87"}],"wp:attachment":[{"href":"https:\/\/softreck.de\/de\/wp-json\/wp\/v2\/media?parent=4492"}],"curies":[{"name":"wp","href":"https:\/\/api.w.org\/{rel}","templated":true}]}}