{"id":4470,"date":"2020-03-07T21:41:38","date_gmt":"2020-03-07T20:41:38","guid":{"rendered":"https:\/\/softreck.pl\/?page_id=4470"},"modified":"2020-08-12T12:24:32","modified_gmt":"2020-08-12T11:24:32","slug":"opensource","status":"publish","type":"page","link":"https:\/\/softreck.de\/de\/opensource\/","title":{"rendered":"Opensource"},"content":{"rendered":"<p>Dostarczamy oprogramowanie otwarte.<\/p>\n\n\n\n<!--more-->\n\n\n\n<p>Ka\u017cdy z naszych produkt\u00f3w opensourcowych daje oszcz\u0119dno\u015bci kr\u00f3tkoterminowe i d\u0142ugoterminowe.<\/p>\n\n\n\n<p><a href=\"https:\/\/git.softreck.com\/\" target=\"_blank\" rel=\"noreferrer noopener\">Aktualna lista naszych projekt\u00f3w na platformie github<\/a><\/p>\n\n\n\n<h2 class=\"wp-block-heading\">Co daje oprogramowanie otwarte?<\/h2>\n\n\n\n<ol class=\"wp-block-list\"><li>Radykalnie ni\u017csz\u0105 cen\u0119 <\/li><li>Szybszy czas wdro\u017cenia<\/li><li>Szybko\u015b\u0107 reakcji na zmiany i trendy<\/li><li>Szeroka gama funkcjonalno\u015bci, modu\u0142y, spo\u0142eczno\u015b\u0107<\/li><\/ol>\n\n\n\n<h2 class=\"wp-block-heading\">Komercyjne Programy Opensource<\/h2>\n\n\n\n<ul class=\"display-posts-listing\"><li class=\"listing-item\"><a class=\"title\" href=\"https:\/\/softreck.de\/de\/terminos\/\">terminOS<\/a><div class=\"content\">\n<p>Biblioteka generuj\u0105ca siatki czasu, harmonogramy, grafiki czasu<\/p>\n\n\n\n<a class=\"btn btn-sm\" href=\"https:\/\/softreck.de\/de\/terminos\/\">Weiterlesen<\/a><div style='text-align:left' class='yasr-auto-insert-visitor'><\/div><\/div><\/li><\/ul>\n\n\n\n<h2 class=\"wp-block-heading\">Darmowe Programy Opensource<\/h2>\n\n\n\n<ul class=\"display-posts-listing\"><li class=\"listing-item\"><a class=\"title\" href=\"https:\/\/softreck.de\/de\/devopsterminal\/\">DevOpsTerminal<\/a><div class=\"content\">\n<figure class=\"wp-block-embed\"><div class=\"wp-block-embed__wrapper\">\nhttps:\/\/github.com\/DevOpsTerminal\n<\/div><\/figure>\n<div style='text-align:left' class='yasr-auto-insert-visitor'><\/div><\/div><\/li><li class=\"listing-item\"><a class=\"title\" href=\"https:\/\/softreck.de\/de\/promagen\/\">ProMaGen<\/a><div class=\"content\">\n<p>Zarz\u0105dzanie projektami, wykonywanie skrypt\u00f3w basha poprzez interface GUI w przegl\u0105darce www<\/p>\n\n\n\n<figure class=\"wp-block-embed\"><div class=\"wp-block-embed__wrapper\">\nhttps:\/\/github.com\/promagen\n<\/div><\/figure>\n<div style='text-align:left' class='yasr-auto-insert-visitor'><\/div><\/div><\/li><li class=\"listing-item\"><a class=\"image\" href=\"https:\/\/softreck.de\/de\/apicra\/\"><img loading=\"lazy\" decoding=\"async\" width=\"150\" height=\"150\" src=\"https:\/\/softreck.de\/wp-content\/uploads\/2020\/03\/zr8quiso-150x150.jpg\" class=\"attachment-thumbnail size-thumbnail wp-post-image\" alt=\"\" srcset=\"https:\/\/softreck.de\/wp-content\/uploads\/2020\/03\/zr8quiso-150x150.jpg 150w, https:\/\/softreck.de\/wp-content\/uploads\/2020\/03\/zr8quiso-50x50.jpg 50w, https:\/\/softreck.de\/wp-content\/uploads\/2020\/03\/zr8quiso-80x80.jpg 80w\" sizes=\"auto, (max-width: 150px) 100vw, 150px\" \/><\/a> <a class=\"title\" href=\"https:\/\/softreck.de\/de\/apicra\/\">Apicra<\/a><div class=\"content\">\n<p>Narz\u0119dzie DevOps<\/p>\n\n\n\n<a class=\"btn btn-sm\" href=\"https:\/\/softreck.de\/de\/apicra\/\">Weiterlesen<\/a><div style='text-align:left' class='yasr-auto-insert-visitor'><\/div><\/div><\/li><li class=\"listing-item\"><a class=\"image\" href=\"https:\/\/softreck.de\/de\/jloads\/\"><img loading=\"lazy\" decoding=\"async\" width=\"128\" height=\"124\" src=\"https:\/\/softreck.de\/wp-content\/uploads\/2020\/03\/oywvk11s.jpg\" class=\"attachment-thumbnail size-thumbnail wp-post-image\" alt=\"\" \/><\/a> <a class=\"title\" href=\"https:\/\/softreck.de\/de\/jloads\/\">jLoads<\/a><div class=\"content\">\n<p>Biblioteka do \u0142adowania medi\u00f3w w pliku html, napisana w j\u0119zyku  javascript.<\/p>\n\n\n<p>Use the Sidebar to add the URL of the GitHub Repository to embed.<\/p>\n\n\n<p><a href=\"https:\/\/github.com\/jloads\/docs\">https:\/\/github.com\/jloads\/docs<\/a><\/p>\n\n\n<div class=\"ebg-br-wrapper ebg-br-wrapper-dark-mode-on\">\n\t<div class=\"ebg-br-background-image\"><\/div>\n\t<div class=\"ebg-br-editmode egb-br-darkmode-status\">\n\t\t<span class=\"egb-br-darkmode-status-img\">Dark Mode<\/span>\n\t<\/div>\n\t<div class=\"ebg-br-avatar\">\n\t\t<img loading=\"lazy\" decoding=\"async\" class=\"ebg-br-header-avatar\" src=\"https:\/\/avatars1.githubusercontent.com\/u\/60926583?v=4\" alt=\"\" width=\"150\" height=\"150\" \/>\n\t<\/div>\n\t<div class=\"ebg-br-main\">\n\t\t<p class=\"ebg-br-title\">\n\t\t\t<strong>\n\t\t\t\t<a target=\"_blank\" rel=\"noopener noreferrer\" href=\"https:\/\/github.com\/jloads\/docs\">\n\t\t\t\t\tdocs\n\t\t\t\t\t<span class=\"screen-reader-text\">(this link opens in a new window)<\/span>\n\t\t\t\t<\/a>\n\t\t\t<\/strong>\n\t\t\t<em>\n\t\t\t\tby<a target=\"_blank\" rel=\"noopener noreferrer\" href=\"https:\/\/github.com\/jloads\">\n\t\t\t\t\tjloads\n\t\t\t\t\t<span class=\"screen-reader-text\">(this link opens in a new window)<\/span>\n\t\t\t\t<\/a>\n\t\t\t<\/em>\n\t\t<\/p>\n\t\t<p class=\"ebg-br-description\">How it works, how tu use it<\/p>\n\t\t<p class=\"ebg-br-footer\">\n\t\t\t<span class=\"ebg-br-subscribers\">\n\t\t\t\t<span class=\"ebg-br-background-image\"><\/span>\n\t\t\t\t1 Subscriber\t\t\t<\/span>\n\t\t\t<span class=\"ebg-br-watchers\">\n\t\t\t\t<span class=\"ebg-br-background-image\"><\/span>\n\t\t\t\t0 Watchers\t\t\t<\/span>\n\t\t\t<span class=\"ebg-br-forks\">\n\t\t\t\t<span class=\"ebg-br-background-image\"><\/span>\n\t\t\t\t1 Fork\t\t\t<\/span>\n\t\t\t<a target=\"_blank\" rel=\"noopener noreferrer\" class=\"ebg-br-link\" href=\"https:\/\/github.com\/jloads\/docs\">\n\t\t\t\tCheck out this repository on GitHub.com\t\t\t\t<span class=\"screen-reader-text\">(this link opens in a new window)<\/span>\n\t\t\t<\/a>\n\t\t<\/p>\n\t<\/div>\n<\/div>\n\n\n<p><a href=\"https:\/\/github.com\/jloads\/Load\">https:\/\/github.com\/jloads\/Load<\/a><\/p>\n\n\n<div class=\"ebg-br-wrapper ebg-br-wrapper-dark-mode-on\">\n\t<div class=\"ebg-br-background-image\"><\/div>\n\t<div class=\"ebg-br-editmode egb-br-darkmode-status\">\n\t\t<span class=\"egb-br-darkmode-status-img\">Dark Mode<\/span>\n\t<\/div>\n\t<div class=\"ebg-br-avatar\">\n\t\t<img loading=\"lazy\" decoding=\"async\" class=\"ebg-br-header-avatar\" src=\"https:\/\/avatars1.githubusercontent.com\/u\/60926583?v=4\" alt=\"\" width=\"150\" height=\"150\" \/>\n\t<\/div>\n\t<div class=\"ebg-br-main\">\n\t\t<p class=\"ebg-br-title\">\n\t\t\t<strong>\n\t\t\t\t<a target=\"_blank\" rel=\"noopener noreferrer\" href=\"https:\/\/github.com\/jloads\/Load\">\n\t\t\t\t\tLoad\n\t\t\t\t\t<span class=\"screen-reader-text\">(this link opens in a new window)<\/span>\n\t\t\t\t<\/a>\n\t\t\t<\/strong>\n\t\t\t<em>\n\t\t\t\tby<a target=\"_blank\" rel=\"noopener noreferrer\" href=\"https:\/\/github.com\/jloads\">\n\t\t\t\t\tjloads\n\t\t\t\t\t<span class=\"screen-reader-text\">(this link opens in a new window)<\/span>\n\t\t\t\t<\/a>\n\t\t\t<\/em>\n\t\t<\/p>\n\t\t<p class=\"ebg-br-description\">Load JS files<\/p>\n\t\t<p class=\"ebg-br-footer\">\n\t\t\t<span class=\"ebg-br-subscribers\">\n\t\t\t\t<span class=\"ebg-br-background-image\"><\/span>\n\t\t\t\t1 Subscriber\t\t\t<\/span>\n\t\t\t<span class=\"ebg-br-watchers\">\n\t\t\t\t<span class=\"ebg-br-background-image\"><\/span>\n\t\t\t\t0 Watchers\t\t\t<\/span>\n\t\t\t<span class=\"ebg-br-forks\">\n\t\t\t\t<span class=\"ebg-br-background-image\"><\/span>\n\t\t\t\t0 Forks\t\t\t<\/span>\n\t\t\t<a target=\"_blank\" rel=\"noopener noreferrer\" class=\"ebg-br-link\" href=\"https:\/\/github.com\/jloads\/Load\">\n\t\t\t\tCheck out this repository on GitHub.com\t\t\t\t<span class=\"screen-reader-text\">(this link opens in a new window)<\/span>\n\t\t\t<\/a>\n\t\t<\/p>\n\t<\/div>\n<\/div><div style='text-align:left' class='yasr-auto-insert-visitor'><\/div><\/div><\/li><\/ul>\n<div style='text-align:left' class='yasr-auto-insert-visitor'><\/div>","protected":false},"excerpt":{"rendered":"<p>Dostarczamy oprogramowanie otwarte.<\/p>","protected":false},"author":1,"featured_media":0,"parent":0,"menu_order":0,"comment_status":"closed","ping_status":"closed","template":"","meta":{"yasr_overall_rating":0,"yasr_post_is_review":"","yasr_auto_insert_disabled":"","yasr_review_type":"","footnotes":""},"class_list":["post-4470","page","type-page","status-publish","hentry"],"yasr_visitor_votes":{"stars_attributes":{"read_only":false,"span_bottom":false},"number_of_votes":1,"sum_votes":5},"_links":{"self":[{"href":"https:\/\/softreck.de\/de\/wp-json\/wp\/v2\/pages\/4470","targetHints":{"allow":["GET"]}}],"collection":[{"href":"https:\/\/softreck.de\/de\/wp-json\/wp\/v2\/pages"}],"about":[{"href":"https:\/\/softreck.de\/de\/wp-json\/wp\/v2\/types\/page"}],"author":[{"embeddable":true,"href":"https:\/\/softreck.de\/de\/wp-json\/wp\/v2\/users\/1"}],"replies":[{"embeddable":true,"href":"https:\/\/softreck.de\/de\/wp-json\/wp\/v2\/comments?post=4470"}],"version-history":[{"count":8,"href":"https:\/\/softreck.de\/de\/wp-json\/wp\/v2\/pages\/4470\/revisions"}],"predecessor-version":[{"id":4834,"href":"https:\/\/softreck.de\/de\/wp-json\/wp\/v2\/pages\/4470\/revisions\/4834"}],"wp:attachment":[{"href":"https:\/\/softreck.de\/de\/wp-json\/wp\/v2\/media?parent=4470"}],"curies":[{"name":"wp","href":"https:\/\/api.w.org\/{rel}","templated":true}]}}