{"id":4457,"date":"2020-03-07T21:29:13","date_gmt":"2020-03-07T20:29:13","guid":{"rendered":"https:\/\/softreck.pl\/?page_id=4457"},"modified":"2020-03-07T21:29:14","modified_gmt":"2020-03-07T20:29:14","slug":"uslugi","status":"publish","type":"page","link":"https:\/\/softreck.de\/de\/uslugi\/","title":{"rendered":"Us\u0142ugi"},"content":{"rendered":"<p>Nasze us\u0142ugi oferujemy na dedykowanych platformach, gdzie odbywa si\u0119 realizacja zam\u00f3wie\u0144 oraz kontakt z klientami:<\/p>\n<ul class=\"display-posts-listing\"><li class=\"listing-item\"><a class=\"title\" href=\"https:\/\/softreck.de\/de\/zlece-net\/\">zlece.net<\/a><div class=\"content\">\n<p> Gie\u0142da zlece\u0144, gdzie mo\u017cna zamie\u015bci\u0107 zlecnie do wykonania <\/p>\n<div style='text-align:left' class='yasr-auto-insert-visitor'><\/div><\/div><\/li><li class=\"listing-item\"><a class=\"title\" href=\"https:\/\/softreck.de\/de\/pogotowie-net\/\">pogotowie.net<\/a><div class=\"content\">\n<p>Bezpo\u015brednie wsparcie techniczne dla klient\u00f3w firmy softreck.<\/p>\n\n\n\n<p>Najszybsza i najlepsza jako\u015b\u0107 dla oprogramowania wspieranego przez nas.<\/p>\n<div style='text-align:left' class='yasr-auto-insert-visitor'><\/div><\/div><\/li><\/ul>\n<div style='text-align:left' class='yasr-auto-insert-visitor'><\/div>","protected":false},"excerpt":{"rendered":"<p>Nasze us\u0142ugi oferujemy na dedykowanych platformach, gdzie odbywa si\u0119 realizacja zam\u00f3wie\u0144 oraz kontakt z klientami:<\/p>","protected":false},"author":1,"featured_media":0,"parent":0,"menu_order":0,"comment_status":"closed","ping_status":"closed","template":"","meta":{"yasr_overall_rating":0,"yasr_post_is_review":"","yasr_auto_insert_disabled":"","yasr_review_type":"","footnotes":""},"class_list":["post-4457","page","type-page","status-publish","hentry"],"yasr_visitor_votes":{"stars_attributes":{"read_only":false,"span_bottom":false},"number_of_votes":0,"sum_votes":0},"_links":{"self":[{"href":"https:\/\/softreck.de\/de\/wp-json\/wp\/v2\/pages\/4457","targetHints":{"allow":["GET"]}}],"collection":[{"href":"https:\/\/softreck.de\/de\/wp-json\/wp\/v2\/pages"}],"about":[{"href":"https:\/\/softreck.de\/de\/wp-json\/wp\/v2\/types\/page"}],"author":[{"embeddable":true,"href":"https:\/\/softreck.de\/de\/wp-json\/wp\/v2\/users\/1"}],"replies":[{"embeddable":true,"href":"https:\/\/softreck.de\/de\/wp-json\/wp\/v2\/comments?post=4457"}],"version-history":[{"count":1,"href":"https:\/\/softreck.de\/de\/wp-json\/wp\/v2\/pages\/4457\/revisions"}],"predecessor-version":[{"id":4460,"href":"https:\/\/softreck.de\/de\/wp-json\/wp\/v2\/pages\/4457\/revisions\/4460"}],"wp:attachment":[{"href":"https:\/\/softreck.de\/de\/wp-json\/wp\/v2\/media?parent=4457"}],"curies":[{"name":"wp","href":"https:\/\/api.w.org\/{rel}","templated":true}]}}