{"id":4438,"date":"2020-03-06T20:46:07","date_gmt":"2020-03-06T19:46:07","guid":{"rendered":"https:\/\/softreck.pl\/?page_id=4438"},"modified":"2020-03-07T21:44:05","modified_gmt":"2020-03-07T20:44:05","slug":"koszty-open-source","status":"publish","type":"page","link":"https:\/\/softreck.de\/de\/opensource\/koszty-open-source\/","title":{"rendered":"Koszty Open Source"},"content":{"rendered":"<p><br \/><!--StartFragment--><\/p>\n\n\n<p>Warto zna\u0107 dodatkowe koszty i problemy zwi\u0105zane z wolnym oprogramowaniem wdra\u017caj\u0105c system open source:<\/p>\n\n\n\n<ul class=\"wp-block-list\"><li>brak op\u0142at za licencj\u0119 czy dzier\u017caw\u0119,<\/li><li>koszt wdro\u017cenia jest uzale\u017cniony od firmy lub osob\u0119, kt\u00f3ra zna dany system,<\/li><li>nale\u017cy liczy\u0107 si\u0119 z kosztem rozwoju i aktualizacji,<\/li><li>nale\u017cy liczy\u0107 si\u0119 z brakiem gwarancji i supportu lub oszacowa\u0107 koszt takich us\u0142ug<\/li><\/ul>\n\n\n<p><!--EndFragment--><br>\n<br>\n<\/p><div style='text-align:left' class='yasr-auto-insert-visitor'><\/div>","protected":false},"excerpt":{"rendered":"<p>Warto zna\u0107 dodatkowe koszty i problemy zwi\u0105zane z wolnym oprogramowaniem wdra\u017caj\u0105c system open source: brak op\u0142at za licencj\u0119 czy dzier\u017caw\u0119, koszt wdro\u017cenia jest uzale\u017cniony od firmy lub osob\u0119, kt\u00f3ra zna dany system, nale\u017cy liczy\u0107 si\u0119 z kosztem rozwoju i aktualizacji, nale\u017cy liczy\u0107 si\u0119 z brakiem gwarancji i supportu lub oszacowa\u0107 koszt takich us\u0142ug<\/p>","protected":false},"author":1,"featured_media":0,"parent":4470,"menu_order":0,"comment_status":"closed","ping_status":"closed","template":"","meta":{"yasr_overall_rating":0,"yasr_post_is_review":"","yasr_auto_insert_disabled":"","yasr_review_type":"","footnotes":""},"class_list":["post-4438","page","type-page","status-publish","hentry"],"yasr_visitor_votes":{"stars_attributes":{"read_only":false,"span_bottom":false},"number_of_votes":0,"sum_votes":0},"_links":{"self":[{"href":"https:\/\/softreck.de\/de\/wp-json\/wp\/v2\/pages\/4438","targetHints":{"allow":["GET"]}}],"collection":[{"href":"https:\/\/softreck.de\/de\/wp-json\/wp\/v2\/pages"}],"about":[{"href":"https:\/\/softreck.de\/de\/wp-json\/wp\/v2\/types\/page"}],"author":[{"embeddable":true,"href":"https:\/\/softreck.de\/de\/wp-json\/wp\/v2\/users\/1"}],"replies":[{"embeddable":true,"href":"https:\/\/softreck.de\/de\/wp-json\/wp\/v2\/comments?post=4438"}],"version-history":[{"count":1,"href":"https:\/\/softreck.de\/de\/wp-json\/wp\/v2\/pages\/4438\/revisions"}],"predecessor-version":[{"id":4440,"href":"https:\/\/softreck.de\/de\/wp-json\/wp\/v2\/pages\/4438\/revisions\/4440"}],"up":[{"embeddable":true,"href":"https:\/\/softreck.de\/de\/wp-json\/wp\/v2\/pages\/4470"}],"wp:attachment":[{"href":"https:\/\/softreck.de\/de\/wp-json\/wp\/v2\/media?parent=4438"}],"curies":[{"name":"wp","href":"https:\/\/api.w.org\/{rel}","templated":true}]}}