{"id":4387,"date":"2020-03-02T06:25:04","date_gmt":"2020-03-02T05:25:04","guid":{"rendered":"https:\/\/softreck.pl\/?page_id=4387"},"modified":"2020-03-06T20:49:10","modified_gmt":"2020-03-06T19:49:10","slug":"platforma-ecommerce","status":"publish","type":"page","link":"https:\/\/softreck.de\/de\/oprogramowanie-dedykowane\/platforma-ecommerce\/","title":{"rendered":"Platforma ecommerce"},"content":{"rendered":"<p>Poni\u017cej pomagamy w wyborze platformy ecommerce do handlu internetowego.<\/p>\n\n\n\n<p>Otwieraj\u0105c sklep internetowy lub przenosz\u0105c sw\u00f3j istniej\u0105cy sklep na now\u0105 platform\u0119 mo\u017cna wybra\u0107:<\/p>\n\n\n\n<ul class=\"wp-block-list\"><li>system napisany otwartym kodem open source <\/li><li>system p\u0142atny<ul><li>zakup licencji czy system dedykowany? <\/li><li>system pude\u0142kowy<ul><li> zakup licencji<\/li><li>dzier\u017cawa systemu w abonamencie<\/li><\/ul><\/li><\/ul><\/li><li>system bezp\u0142atny<ul><li>instalacja i utrzymanie osobi\u015bcie przy u\u017cyciu dokumentacji<\/li><li>wynaj\u0119cie eksperta i wsparcie na ka\u017cdym etapie<\/li><\/ul><\/li><\/ul>\n\n\n\n<p>Nasza firma dostarcza rozwi\u0105zania na ka\u017cdym etapie w ka\u017cdym modelu.<\/p>\n\n\n\n<p>Udost\u0119pniamy oprogramowanie w modelu SaaS, sprzedajemy licencj\u0119 systemu oraz tworzymy rozwi\u0105zania dedykowane.<\/p>\n\n\n\n<p><\/p>\n\n\n\n<p><\/p>\n\n\n\n<p><strong>System dedykowany<\/strong><\/p>\n\n\n\n<p>Okre\u015blaj\u0105c potrzeb\u0119 posiadania sklepu dedykowanego, nale\u017cy stworzy\u0107 list\u0119 wymaga\u0144 i kluczowych czynnik\u00f3w (funkcji). Mo\u017ce si\u0119 okaza\u0107, i\u017c dedykowanych modu\u0142\u00f3w jest niewiele lub jedyn\u0105 dedykowan\u0105 funkcjonalno\u015bci\u0105 jest integracja z systemem ERP. <\/p>\n\n\n\n<p>Obs\u0142uga zam\u00f3wie\u0144, logistyka, polityka cenowa to \u015bci\u015ble okre\u015blone wymagania co do systemu e-commerce. Wymagania te rzadko b\u0119dzie w stanie spe\u0142ni\u0107 system pude\u0142kowy, bo najcz\u0119\u015bciej dotycz\u0105 one:<\/p>\n\n\n\n<ul class=\"wp-block-list\"><li>unikalnego sposobu zamawiania, konfiguracji produktu,<\/li><li>niestandardowych, bardzo skomplikowanych cennik\u00f3w,<\/li><li>z\u0142o\u017conego procesu logistycznego,<\/li><li>skomplikowanej organizacji pracy po stronie obs\u0142ugi i zarz\u0105dzania sklepem.<\/li><\/ul>\n\n\n\n<p>Cz\u0119sto system dedykowany tworzony jest na bazie systemu open source, czy te\u017c element\u00f3w wykorzystywanych w poprzednich projektach. <\/p>\n\n\n\n<p><\/p>\n\n\n\n<p><strong>Zakup licencji<\/strong><\/p>\n\n\n\n<p>Zakup systemu na w\u0142asno\u015b\u0107 wraz z gwarancj\u0105, na 2 lata lub wi\u0119cej oraz wsparciem przez okre\u015blony p\u0142atny dodatkowo czas, to bardzo dobre rozwi\u0105zanie dla dynamicznych firm, szukaj\u0105cych dobrej platformy na wiele lat.<\/p>\n\n\n\n<p>Ponadto mo\u017cemy stworzy\u0107 list\u0119 wymaga\u0144 i zg\u0142osi\u0107 si\u0119 do dostawcy oprogramowania, aby j\u0105 wykona\u0142.<\/p>\n\n\n\n<p>Oprogramowanie pude\u0142kowe sprzedawane na licencji nie r\u00f3\u017cni si\u0119 zbytnio od oprogramowania pude\u0142kowego sprzedawanego w modelu dzier\u017cawy:<\/p>\n\n\n\n<ul class=\"wp-block-list\"><li>modyfikacje systemu na licencji wymagaj\u0105 tyle samo pracy, co SaaS,<\/li><li>zar\u00f3wno systemy na licencji, jak i SaaS maj\u0105 API,<\/li><li>nowe funkcje musz\u0105 by\u0107 tworzone z uwzgl\u0119dnieniem architektury ca\u0142ego systemu,<\/li><li>nowe funkcje \u2013 nawet dedykowane \u2013 powinny by\u0107 tworzone w taki spos\u00f3b, aby umo\u017cliwi\u0107 aktualizacje oprogramowania klienta w przysz\u0142o\u015bci,<\/li><li>zar\u00f3wno dostawca platformy SaaS, jak i systemu pude\u0142kowego tworzy list\u0119 funkcji, kt\u00f3re potrzebuj\u0105 jego klienci i realizuje te najbardziej potrzebne najpierw (lub w przypadku licencji \u2013 te ta\u0144sze).<\/li><\/ul>\n\n\n\n<p>Tak naprawd\u0119 zar\u00f3wno w przypadku systemu kupionego w formie licencji, jak i dzier\u017cawy oprogramowania, aby uzyska\u0107 funkcj\u0119 kt\u00f3ra jest potrzebna tylko nam, musimy przelicytowa\u0107 innych klient\u00f3w. Teoretycznie w przypadku systemu SaaS mo\u017cemy us\u0142ysze\u0107, i\u017c na platformie nie da si\u0119 danej funkcji wykona\u0107, natomiast przy zakupie licencji zawsze jest taka mo\u017cliwo\u015b\u0107.<\/p>\n\n\n\n<p>Pami\u0119tajmy jednak, i\u017c modyfikuj\u0105c znacz\u0105co system, tracimy szans\u0119 na \u0142atw\u0105 \u2013 tani\u0105, szybk\u0105 i bezpieczn\u0105 \u2013 aktualizacj\u0119. Rynek e-commerce ma to do siebie, i\u017c bardzo szybko si\u0119 zmienia. W\u0142a\u015bciciel sklepu nie powinien dopuszcza\u0107 do sytuacji, gdy posiada oprogramowanie sklepu, kt\u00f3rego nie mo\u017cna aktualizowa\u0107 czy rozwija\u0107\u2026 Radzi\u0142bym wi\u0119c racjonalnie podchodzi\u0107 do indywidualizacji oprogramowania na licencji. Je\u015bli w\u0142a\u015bciciel sklepu mocno zmodyfikuje kluczowe funkcje aplikacji, to oka\u017ce si\u0119, \u017ce otrzyma\u0142 tani system dedykowany. P\u00f3\u0142 biedy, je\u015bli taki system wystarczy mu na kilkana\u015bcie miesi\u0119cy czy kilka lat. Tak, jak wspomnia\u0142em wcze\u015bniej \u2013 handel internetowy zmienia si\u0119 bardzo dynamicznie i nieaktualizowany system szybko przestaje spe\u0142nia\u0107 oczekiwania. W interesie dostawcy oprogramowania nie jest jednak rozwija\u0107 wiele system\u00f3w dedykowanych po niskich stawkach godzinowych, lecz rozwija\u0107 produkt pude\u0142kowy i sprzedawa\u0107 go w jak najwi\u0119kszej ilo\u015bci.<\/p>\n\n\n\n<p><strong>Dzier\u017cawa systemu<\/strong><\/p>\n\n\n\n<p>Oprogramowanie w modelu SaaS szturmem zdoby\u0142o bran\u017c\u0119 IT, okazuje si\u0119 jednak, i\u017c na rodzimym rynku e-commerce nie zbiera tak dobrych opinii. G\u0142\u00f3wne zarzuty, kt\u00f3re stawiane s\u0105 systemom w SaaS to:<\/p>\n\n\n\n<ul class=\"wp-block-list\"><li>za ma\u0142o funkcji, zbyt proste modu\u0142y,<\/li><li>ma\u0142e mo\u017cliwo\u015bci indywidualizacji szablonu,<\/li><li>brak mo\u017cliwo\u015bci dodawania funkcji dedykowanych,<\/li><li>uzale\u017cnienie rozwoju oprogramowania od innych klient\u00f3w platformy.<\/li><\/ul>\n\n\n\n<p>Tak, jak wspomnia\u0142em, cz\u0119\u015b\u0107 tych zarzut\u00f3w dotyczy tylko prostych platform. Podobnie jak programy graficzne czy muzyczne, sklepy internetowe kierowane s\u0105 do u\u017cytkownik\u00f3w o r\u00f3\u017cnych potrzebach. Je\u015bli decydujemy si\u0119 na platform\u0119 targetowan\u0105 do szerokiego grona klient\u00f3w o podstawowych potrzebach, mo\u017cemy liczy\u0107 na bardzo prost\u0105 obs\u0142ug\u0119, nisk\u0105 cen\u0119, ale i ma\u0142o zaawansowan\u0105 funkcjonalno\u015b\u0107. W przypadku, gdy wybieramy zaawansowany system, musimy si\u0119 liczy\u0107 z d\u0142u\u017cszym czasem wdro\u017cenia, a tak\u017ce konieczno\u015bci\u0105 zaanga\u017cowania wi\u0119kszej wiedzy i zasob\u00f3w po naszej stronie.<\/p>\n\n\n\n<p>Czy system dzier\u017cawiony musi wygl\u0105da\u0107 standardowo? Nie. Wszystko oczywi\u015bcie zale\u017cy od mo\u017cliwo\u015bci platformy, projektu graficznego oraz czasu po\u015bwi\u0119conego na wdro\u017cenie. Im bardziej projekt odbiega od domy\u015blnego szablonu, tym wi\u0119cej pracy, a co za tym idzie wy\u017csza cena wdro\u017cenia \u2013 tyczy si\u0119 to jednak w r\u00f3wnym stopniu platformy SaaS, jak i systemu pude\u0142kowego na licencji.<\/p>\n\n\n\n<p>Je\u015bli idzie o dodatkowe funkcje, to wszystko zale\u017cy od platformy. Istniej\u0105 bardzo proste rozwi\u0105zania, kt\u00f3re nie pozwalaj\u0105 na \u017cadne indywidualizacje. Zaawansowane platformy natomiast udost\u0119pniaj\u0105 API, umo\u017cliwiaj\u0105 tworzenie dodatkowych modu\u0142\u00f3w importu i eksportu danych oraz wzbogacanie panelu administracyjnego czy strony www o dodatkowe narz\u0119dzia i funkcje. Przy okazji zapewniaj\u0105 te\u017c integralno\u015b\u0107 i zgodno\u015b\u0107, co pozwala na aktualizacje systemu.<\/p>\n\n\n\n<p>Jakie s\u0105 wi\u0119c zalety posiadania sklepu w SaaS? Najwa\u017cniejsze to:<\/p>\n\n\n\n<ul class=\"wp-block-list\"><li>ni\u017csze koszty uruchomienia sklepu,<\/li><li>sta\u0142e, przewidywalne koszty dzier\u017cawy,<\/li><li>darmowe aktualizacje i nowe modu\u0142y,<\/li><li>rozw\u00f3j oprogramowania nie tylko w oparciu o w\u0142asne pomys\u0142y, ale i pomys\u0142y innych klient\u00f3w platformy,<\/li><li>lepiej przetestowane modu\u0142y, szybsze wykrywanie b\u0142\u0119d\u00f3w.<\/li><\/ul>\n\n\n\n<p>SaaS to swoistego rodzaju umowa \u2013 w\u0142a\u015bciciel sklepu decyduje si\u0119 na sta\u0142e niewielkie op\u0142aty, w zamian otrzymuje opiek\u0119 nad systemem, poprawki oraz nowe modu\u0142y. Dla wi\u0119kszo\u015bci sklep\u00f3w to wystarczy, jest jednak oczywi\u015bcie szereg firm, kt\u00f3re musz\u0105 p\u00f3j\u015b\u0107 o krok dalej.<\/p>\n\n\n\n<p><strong>Co wybra\u0107?<\/strong><\/p>\n\n\n\n<p>Je\u015bli w\u0142a\u015bciciel sklepu ma do\u015bwiadczenie, powinien wykona\u0107 j\u0105 na w\u0142asn\u0105 r\u0119k\u0119 i na tej podstawie sprecyzowa\u0107 swoje potrzeby. Je\u015bli nie \u2013 warto znale\u017a\u0107 konsultanta lub zwr\u00f3ci\u0107 si\u0119 do agencji specjalizuj\u0105cej si\u0119 w e-commerce.<\/p>\n\n\n\n<p>Oczywi\u015bcie nale\u017cy tak\u017ce realnie ocenia\u0107 swoje mo\u017cliwo\u015bci. Je\u015bli mamy pomys\u0142 na e-commerce i dysponujemy bud\u017cetem 1000 z\u0142 na otwarcie sklepu, nale\u017cy wybra\u0107 prostsz\u0105 platform\u0119 w modelu SaaS. Je\u015bli mamy do\u015bwiadczenie w programowaniu stron, mo\u017cna pomy\u015ble\u0107 o wyborze systemu open source. W przypadku, gdy sklep ma stanowi\u0107 istotny kana\u0142 sprzeda\u017cowy i jest to nowy projekt biznesowy, na kt\u00f3ry mo\u017cemy przeznaczy\u0107 kilkana\u015bcie czy kilkadziesi\u0105t tysi\u0119cy z\u0142otych, warto rozpocz\u0105\u0107 od benchmarku, stworzy\u0107 mini strategi\u0119 dzia\u0142ania i tak przygotowanym wybiera\u0107 platform\u0119 czy dostawc\u0119 oprogramowania. Nie ma jednego s\u0142usznego rozwi\u0105zania \u2013 pomimo tego, co m\u00f3wi\u0105 sprzedawcy oprogramowania, dostawcy platform czy programi\u015bci korzystaj\u0105cy z open source.<\/p>\n<div style='text-align:left' class='yasr-auto-insert-visitor'><\/div>","protected":false},"excerpt":{"rendered":"<p>Poni\u017cej pomagamy w wyborze platformy ecommerce do handlu internetowego. Otwieraj\u0105c sklep internetowy lub przenosz\u0105c sw\u00f3j istniej\u0105cy sklep na now\u0105 platform\u0119 mo\u017cna wybra\u0107: system napisany otwartym kodem open source system p\u0142atny zakup licencji czy system dedykowany? system pude\u0142kowy zakup licencji dzier\u017cawa systemu w abonamencie system bezp\u0142atny instalacja i utrzymanie osobi\u015bcie przy u\u017cyciu dokumentacji wynaj\u0119cie eksperta i [&hellip;]<\/p>\n","protected":false},"author":1,"featured_media":0,"parent":3802,"menu_order":0,"comment_status":"closed","ping_status":"closed","template":"","meta":{"yasr_overall_rating":0,"yasr_post_is_review":"","yasr_auto_insert_disabled":"","yasr_review_type":"","footnotes":""},"class_list":["post-4387","page","type-page","status-publish","hentry"],"yasr_visitor_votes":{"stars_attributes":{"read_only":false,"span_bottom":false},"number_of_votes":0,"sum_votes":0},"_links":{"self":[{"href":"https:\/\/softreck.de\/de\/wp-json\/wp\/v2\/pages\/4387","targetHints":{"allow":["GET"]}}],"collection":[{"href":"https:\/\/softreck.de\/de\/wp-json\/wp\/v2\/pages"}],"about":[{"href":"https:\/\/softreck.de\/de\/wp-json\/wp\/v2\/types\/page"}],"author":[{"embeddable":true,"href":"https:\/\/softreck.de\/de\/wp-json\/wp\/v2\/users\/1"}],"replies":[{"embeddable":true,"href":"https:\/\/softreck.de\/de\/wp-json\/wp\/v2\/comments?post=4387"}],"version-history":[{"count":2,"href":"https:\/\/softreck.de\/de\/wp-json\/wp\/v2\/pages\/4387\/revisions"}],"predecessor-version":[{"id":4444,"href":"https:\/\/softreck.de\/de\/wp-json\/wp\/v2\/pages\/4387\/revisions\/4444"}],"up":[{"embeddable":true,"href":"https:\/\/softreck.de\/de\/wp-json\/wp\/v2\/pages\/3802"}],"wp:attachment":[{"href":"https:\/\/softreck.de\/de\/wp-json\/wp\/v2\/media?parent=4387"}],"curies":[{"name":"wp","href":"https:\/\/api.w.org\/{rel}","templated":true}]}}