{"id":4372,"date":"2020-03-01T16:02:18","date_gmt":"2020-03-01T15:02:18","guid":{"rendered":"https:\/\/softreck.pl\/?page_id=4372"},"modified":"2020-03-01T16:05:13","modified_gmt":"2020-03-01T15:05:13","slug":"tworzenie-aplikacji","status":"publish","type":"page","link":"https:\/\/softreck.de\/de\/oprogramowanie-dedykowane\/tworzenie-aplikacji\/","title":{"rendered":"Tworzenie aplikacji PWA"},"content":{"rendered":"<p>Jeste\u015bmy gotowi na stworzenie aplikacji wed\u0142ug wytycznych zebranych podczas tworzenia specyfikacji jak i po wdro\u017ceniu projektu.<\/p>\n\n\n\n<p>Wykonujemy aplikacje na dowoln\u0105 platform\u0119, tzw PWA, Progressive Web App.<\/p>\n\n\n\n<p><a href=\"https:\/\/de.wikipedia.org\/wiki\/Progressive_Web_App\">https:\/\/de.wikipedia.org\/wiki\/Progressive_Web_App<\/a><\/p>\n\n\n\n<p>Realizujemy nietypowe rozwi\u0105znia.<\/p>\n\n\n\n<p>Ch\u0119tnie podejmiejmy wsp\u00f3\u0142prac\u0119 z firmami dopiero wchodz\u0105cymi na rynek, zainteresowanymi zdobyciem pozycji lidera na rynku.<\/p>\n<div style='text-align:left' class='yasr-auto-insert-visitor'><\/div>","protected":false},"excerpt":{"rendered":"<p>Jeste\u015bmy gotowi na stworzenie aplikacji wed\u0142ug wytycznych zebranych podczas tworzenia specyfikacji jak i po wdro\u017ceniu projektu. Wykonujemy aplikacje na dowoln\u0105 platform\u0119, tzw PWA, Progressive Web App. https:\/\/de.wikipedia.org\/wiki\/Progressive_Web_App Realizujemy nietypowe rozwi\u0105znia. Ch\u0119tnie podejmiejmy wsp\u00f3\u0142prac\u0119 z firmami dopiero wchodz\u0105cymi na rynek, zainteresowanymi zdobyciem pozycji lidera na rynku.<\/p>","protected":false},"author":1,"featured_media":0,"parent":3802,"menu_order":0,"comment_status":"closed","ping_status":"closed","template":"","meta":{"yasr_overall_rating":0,"yasr_post_is_review":"","yasr_auto_insert_disabled":"","yasr_review_type":"","footnotes":""},"class_list":["post-4372","page","type-page","status-publish","hentry"],"yasr_visitor_votes":{"stars_attributes":{"read_only":false,"span_bottom":false},"number_of_votes":0,"sum_votes":0},"_links":{"self":[{"href":"https:\/\/softreck.de\/de\/wp-json\/wp\/v2\/pages\/4372","targetHints":{"allow":["GET"]}}],"collection":[{"href":"https:\/\/softreck.de\/de\/wp-json\/wp\/v2\/pages"}],"about":[{"href":"https:\/\/softreck.de\/de\/wp-json\/wp\/v2\/types\/page"}],"author":[{"embeddable":true,"href":"https:\/\/softreck.de\/de\/wp-json\/wp\/v2\/users\/1"}],"replies":[{"embeddable":true,"href":"https:\/\/softreck.de\/de\/wp-json\/wp\/v2\/comments?post=4372"}],"version-history":[{"count":4,"href":"https:\/\/softreck.de\/de\/wp-json\/wp\/v2\/pages\/4372\/revisions"}],"predecessor-version":[{"id":4377,"href":"https:\/\/softreck.de\/de\/wp-json\/wp\/v2\/pages\/4372\/revisions\/4377"}],"up":[{"embeddable":true,"href":"https:\/\/softreck.de\/de\/wp-json\/wp\/v2\/pages\/3802"}],"wp:attachment":[{"href":"https:\/\/softreck.de\/de\/wp-json\/wp\/v2\/media?parent=4372"}],"curies":[{"name":"wp","href":"https:\/\/api.w.org\/{rel}","templated":true}]}}