{"id":4348,"date":"2020-03-01T15:41:26","date_gmt":"2020-03-01T14:41:26","guid":{"rendered":"https:\/\/softreck.pl\/?page_id=4348"},"modified":"2020-03-07T21:38:43","modified_gmt":"2020-03-07T20:38:43","slug":"szkolenia","status":"publish","type":"page","link":"https:\/\/softreck.de\/de\/szkolenia\/","title":{"rendered":"Szkolenia"},"content":{"rendered":"<p>Organizujemy szkolenia zwi\u0105zane z rozwojem firmy poprzez automatyzacj\u0119 w oparciu o oprogramowanie opensource i dedykowane <\/p>\n\n\n\n<figure class=\"wp-block-embed-wordpress wp-block-embed is-type-wp-embed is-provider-softreck\"><div class=\"wp-block-embed__wrapper\">\n<blockquote class=\"wp-embedded-content\" data-secret=\"0IauLEyGaK\"><a href=\"https:\/\/softreck.de\/de\/wetware-pl\/\">Wetware.pl<\/a><\/blockquote><iframe loading=\"lazy\" class=\"wp-embedded-content\" sandbox=\"allow-scripts\" security=\"restricted\" style=\"position: absolute; clip: rect(1px, 1px, 1px, 1px);\" title=\"&#8222;Wetware.pl&#8221; &#8212; Softreck.de\" src=\"https:\/\/softreck.de\/wetware-pl\/embed\/#?secret=NrUtnCjRUO#?secret=0IauLEyGaK\" data-secret=\"0IauLEyGaK\" width=\"600\" height=\"338\" frameborder=\"0\" marginwidth=\"0\" marginheight=\"0\" scrolling=\"no\"><\/iframe>\n<\/div><\/figure>\n\n\n\n<ul class=\"display-posts-listing\"><li class=\"listing-item\"><a class=\"image\" href=\"https:\/\/softreck.de\/de\/wetware-pl\/\"><img loading=\"lazy\" decoding=\"async\" width=\"150\" height=\"150\" src=\"https:\/\/softreck.de\/wp-content\/uploads\/2020\/03\/wetware-300-5-150x150.png\" class=\"attachment-thumbnail size-thumbnail wp-post-image\" alt=\"\" srcset=\"https:\/\/softreck.de\/wp-content\/uploads\/2020\/03\/wetware-300-5-150x150.png 150w, https:\/\/softreck.de\/wp-content\/uploads\/2020\/03\/wetware-300-5-50x50.png 50w, https:\/\/softreck.de\/wp-content\/uploads\/2020\/03\/wetware-300-5-80x80.png 80w\" sizes=\"auto, (max-width: 150px) 100vw, 150px\" \/><\/a> <a class=\"title\" href=\"https:\/\/softreck.de\/de\/wetware-pl\/\">Wetware.pl<\/a><div class=\"content\">\n<p>Na platformie <strong>wetware .pl <\/strong>dajemy mo\u017cliwo\u015b\u0107 doskonalenia zespo\u0142u, do tego slu\u017c\u0105 narz\u0119dzia bezp\u0142atne oraz p\u0142atne szkolenia. <\/p>\n<div style='text-align:left' class='yasr-auto-insert-visitor'><\/div><\/div><\/li><\/ul>\n<div style='text-align:left' class='yasr-auto-insert-visitor'><\/div>","protected":false},"excerpt":{"rendered":"<p>Organizujemy szkolenia zwi\u0105zane z rozwojem firmy poprzez automatyzacj\u0119 w oparciu o oprogramowanie opensource i dedykowane<\/p>","protected":false},"author":1,"featured_media":3998,"parent":0,"menu_order":0,"comment_status":"closed","ping_status":"closed","template":"","meta":{"yasr_overall_rating":0,"yasr_post_is_review":"","yasr_auto_insert_disabled":"","yasr_review_type":"","footnotes":""},"class_list":["post-4348","page","type-page","status-publish","has-post-thumbnail","hentry"],"yasr_visitor_votes":{"stars_attributes":{"read_only":false,"span_bottom":false},"number_of_votes":0,"sum_votes":0},"_links":{"self":[{"href":"https:\/\/softreck.de\/de\/wp-json\/wp\/v2\/pages\/4348","targetHints":{"allow":["GET"]}}],"collection":[{"href":"https:\/\/softreck.de\/de\/wp-json\/wp\/v2\/pages"}],"about":[{"href":"https:\/\/softreck.de\/de\/wp-json\/wp\/v2\/types\/page"}],"author":[{"embeddable":true,"href":"https:\/\/softreck.de\/de\/wp-json\/wp\/v2\/users\/1"}],"replies":[{"embeddable":true,"href":"https:\/\/softreck.de\/de\/wp-json\/wp\/v2\/comments?post=4348"}],"version-history":[{"count":6,"href":"https:\/\/softreck.de\/de\/wp-json\/wp\/v2\/pages\/4348\/revisions"}],"predecessor-version":[{"id":4469,"href":"https:\/\/softreck.de\/de\/wp-json\/wp\/v2\/pages\/4348\/revisions\/4469"}],"wp:featuredmedia":[{"embeddable":true,"href":"https:\/\/softreck.de\/de\/wp-json\/wp\/v2\/media\/3998"}],"wp:attachment":[{"href":"https:\/\/softreck.de\/de\/wp-json\/wp\/v2\/media?parent=4348"}],"curies":[{"name":"wp","href":"https:\/\/api.w.org\/{rel}","templated":true}]}}