{"id":4094,"date":"2020-02-28T22:45:47","date_gmt":"2020-02-28T21:45:47","guid":{"rendered":"https:\/\/softreck.pl\/?page_id=4094"},"modified":"2020-02-28T22:46:28","modified_gmt":"2020-02-28T21:46:28","slug":"programista-python","status":"publish","type":"page","link":"https:\/\/softreck.de\/de\/kariera\/programista-python\/","title":{"rendered":"Programista Python"},"content":{"rendered":"<h2 class=\"wp-block-heading\">Kariera w firmie Softreck<\/h2>\n\n\n\n<h3 class=\"wp-block-heading\">Obecnie poszukujemy programisty jezyka <strong>Python<\/strong>.<\/h3>\n\n\n\n<p>Praca w nowym projekcie dla pocz\u0105tkuj\u0105cych programist\u00f3w, junior\u00f3w, ze sta\u017cem minimalnym kilku miesi\u0119cy.<\/p>\n\n\n\n<p><strong>W pracy nad projektem wynagradzane s\u0105 efekty<\/strong>, dzia\u0142amy na platformie <a href=\"https:\/\/teamworkplan.com\">TeamWorkPlan.com<\/a><\/p>\n\n\n\n<p>Gdzie uzgadniamy stawk\u0119 za wykonana prace oraz deadline, dlatego ka\u017cdy kto potrzebuje czasu moze uzgodnic go z nami bez problemu.<\/p>\n\n\n\n<p><strong>U nas licza sie umiej\u0119tno\u015bci<\/strong>, dlatego prosimy o wykonanie pierwszego kroku na platformie do wykonywania zada\u0144, aby sprawdzi\u0107 stan wiedzy kandydata.<\/p>\n\n\n\n<p>Za zadania testowe p\u0142acimy, stawk\u0119 jest ustalana w zale\u017cno\u015bci od czasu jaki potrzebuje kandydat na wykonanie.<\/p>\n\n\n\n<p><strong>\u017byczymy powodzenia i czekamy na Twoje rozwiazanie!<\/strong><\/p>\n\n\n\n<p>Cieszymy si\u0119 \u017ce mo\u017cemy wsp\u00f3\u0142pracowa\u0107 z praktykami nawet tymi pocz\u0105tkuj\u0105cymi.<\/p>\n\n\n\n<p>Witamy w zespole tych kt\u00f3rym si\u0119 powiod\u0142o!<\/p>\n<div style='text-align:left' class='yasr-auto-insert-visitor'><\/div>","protected":false},"excerpt":{"rendered":"<p>Kariera w firmie Softreck Obecnie poszukujemy programisty jezyka Python. Praca w nowym projekcie dla pocz\u0105tkuj\u0105cych programist\u00f3w, junior\u00f3w, ze sta\u017cem minimalnym kilku miesi\u0119cy. W pracy nad projektem wynagradzane s\u0105 efekty, dzia\u0142amy na platformie TeamWorkPlan.com Gdzie uzgadniamy stawk\u0119 za wykonana prace oraz deadline, dlatego ka\u017cdy kto potrzebuje czasu moze uzgodnic go z nami bez problemu. U nas [&hellip;]<\/p>\n","protected":false},"author":1,"featured_media":3988,"parent":4082,"menu_order":0,"comment_status":"closed","ping_status":"closed","template":"","meta":{"yasr_overall_rating":0,"yasr_post_is_review":"","yasr_auto_insert_disabled":"","yasr_review_type":"","footnotes":""},"class_list":["post-4094","page","type-page","status-publish","has-post-thumbnail","hentry"],"yasr_visitor_votes":{"stars_attributes":{"read_only":false,"span_bottom":false},"number_of_votes":0,"sum_votes":0},"_links":{"self":[{"href":"https:\/\/softreck.de\/de\/wp-json\/wp\/v2\/pages\/4094","targetHints":{"allow":["GET"]}}],"collection":[{"href":"https:\/\/softreck.de\/de\/wp-json\/wp\/v2\/pages"}],"about":[{"href":"https:\/\/softreck.de\/de\/wp-json\/wp\/v2\/types\/page"}],"author":[{"embeddable":true,"href":"https:\/\/softreck.de\/de\/wp-json\/wp\/v2\/users\/1"}],"replies":[{"embeddable":true,"href":"https:\/\/softreck.de\/de\/wp-json\/wp\/v2\/comments?post=4094"}],"version-history":[{"count":1,"href":"https:\/\/softreck.de\/de\/wp-json\/wp\/v2\/pages\/4094\/revisions"}],"predecessor-version":[{"id":4096,"href":"https:\/\/softreck.de\/de\/wp-json\/wp\/v2\/pages\/4094\/revisions\/4096"}],"up":[{"embeddable":true,"href":"https:\/\/softreck.de\/de\/wp-json\/wp\/v2\/pages\/4082"}],"wp:featuredmedia":[{"embeddable":true,"href":"https:\/\/softreck.de\/de\/wp-json\/wp\/v2\/media\/3988"}],"wp:attachment":[{"href":"https:\/\/softreck.de\/de\/wp-json\/wp\/v2\/media?parent=4094"}],"curies":[{"name":"wp","href":"https:\/\/api.w.org\/{rel}","templated":true}]}}