{"id":4090,"date":"2020-02-28T22:42:43","date_gmt":"2020-02-28T21:42:43","guid":{"rendered":"https:\/\/softreck.pl\/?page_id=4090"},"modified":"2020-05-13T09:05:28","modified_gmt":"2020-05-13T08:05:28","slug":"softreck","status":"publish","type":"page","link":"https:\/\/softreck.de\/de\/","title":{"rendered":"Softreck"},"content":{"rendered":"<p>Softreck wspiera lider\u00f3w rynku w Europie.<\/p>\n\n\n\n<blockquote class=\"wp-block-quote is-layout-flow wp-block-quote-is-layout-flow\"><p>Leadership Through Software Development.<\/p><\/blockquote>\n\n\n\n<!--more-->\n\n\n\n<p><\/p>\n\n\n\n<p>Jakie jest idealne \u015brodowisko dla biznesu?<\/p>\n\n\n\n<ul class=\"wp-block-list\"><li>takie w kt\u00f3rym organizacja ma kontrol\u0119 nad wzrostem i ryzykiem.<\/li><\/ul>\n\n\n\n<p>Dostarczamy ekosystem, czyli <strong>technologiczne \u015brodowisko <\/strong>daj\u0105c warunki do szybszego <strong>wzrostu<\/strong> organizacji na rynku w <strong>cyklach <\/strong>dopasowanych do <strong>modelu biznesowego<\/strong>: tygodniowych, miesi\u0119cznych, kwartalnych.<\/p>\n\n\n\n<p>Realizujemy cele organizacji poprzez<strong> rozw\u00f3j oprogramowania<\/strong>:<\/p>\n\n\n\n<ul class=\"wp-block-list\"><li>projektujemy <strong>ekosystemy <\/strong>dopasowane do modeli biznesowych<\/li><li>tworzymy <strong>standardy <\/strong>i organizujemy je w <strong>modu\u0142y<\/strong><\/li><li><strong>udoskonalamy i<\/strong> <strong>automatyzujemy <\/strong>modele biznesowe<\/li><\/ul>\n\n\n\n<p>W konsekwencji tych dzia\u0142a\u0144 nasi partnerzy zyskuj\u0105<strong> pozycj\u0119 lidera rynku<\/strong>:<\/p>\n\n\n\n<ul class=\"wp-block-list\"><li>kroczymy drog\u0105 lider\u00f3w tworz\u0105c <strong>warto\u015b\u0107 <\/strong>na d\u0142ugie lata<\/li><li>korzystamy z najlepszych <strong>technologii <\/strong>i najszybszej <strong>infrastruktury <\/strong>na tej planecie<\/li><\/ul>\n\n\n\n<p>W jednym zdaniu:<\/p>\n\n\n\n<h3 class=\"wp-block-heading\"><span class=\"ez-toc-section\" id=\"Zapewniamy_wyzsza_wydajnosc_w_zarzadzaniu_poprzez_lepsze_zrozumienie_siebie_na_wzajem\"><\/span><strong>Zapewniamy wy\u017csz\u0105 wydajno\u015b\u0107 w zarz\u0105dzaniu poprzez lepsze zrozumienie siebie na wzajem, <\/strong><span class=\"ez-toc-section-end\"><\/span><\/h3>\n\n\n\n<blockquote class=\"wp-block-quote is-layout-flow wp-block-quote-is-layout-flow\"><p>We improve management efficiency through better understanding each other.<\/p><\/blockquote>\n\n\n\n<ul class=\"wp-block-list\"><li>Dzi\u0119ki <strong>automatyzacji <\/strong>jeste\u015bmy dost\u0119pni dla naszych partner\u00f3w ca\u0142\u0105 dob\u0119<\/li><li>Zapraszamy do wsp\u00f3\u0142pracy o ka\u017cdej porze i na ka\u017cdym etapie!<\/li><\/ul>\n\n\n<div class=\"main_sidebar_content\"><div class=\"pt-cv-wrapper\"><div class=\"pt-cv-view pt-cv-grid pt-cv-colsys\" id=\"pt-cv-view-bef89ae8mh\"><div data-id=\"pt-cv-page-1\" class=\"pt-cv-page\" data-cvc=\"2\"><div class=\"col-md-6 col-sm-6 col-xs-12 pt-cv-content-item pt-cv-1-col\" ><div class='pt-cv-ifield'><a href=\"https:\/\/softreck.de\/de\/softreck\/lokalizacja\/\" class=\"_self pt-cv-href-thumbnail pt-cv-thumb-default\" target=\"_self\" ><\/a>\n<h4 class=\"pt-cv-title\"><span class=\"ez-toc-section\" id=\"Lokalizacja\"><\/span><a href=\"https:\/\/softreck.de\/de\/softreck\/lokalizacja\/\" class=\"_self\" target=\"_self\" >Lokalizacja<\/a><span class=\"ez-toc-section-end\"><\/span><\/h4>\n<div class=\"pt-cv-content\">Dostarczamy wysokiej jako\u015bci us\u0142ugi niezale\u017cnie od lokalizacji naszych klient\u00f3w, oferujemy prawdziwie europejski model dostaw niezale\u017cnie od skali. GERMANY Bewerungestr. 40, ...<br \/><div class=\"pt-cv-rmwrap\"><a href=\"https:\/\/softreck.de\/de\/softreck\/lokalizacja\/\" class=\"_self pt-cv-readmore btn btn-success\" target=\"_self\">Czytaj Dalej<\/a><\/div><\/div><\/div><\/div>\n<div class=\"col-md-6 col-sm-6 col-xs-12 pt-cv-content-item pt-cv-1-col\" ><div class='pt-cv-ifield'><a href=\"https:\/\/softreck.de\/de\/softreck\/nasze-wartosci\/\" class=\"_self pt-cv-href-thumbnail pt-cv-thumb-default\" target=\"_self\" ><\/a>\n<h4 class=\"pt-cv-title\"><span class=\"ez-toc-section\" id=\"Nasze_Wartosci\"><\/span><a href=\"https:\/\/softreck.de\/de\/softreck\/nasze-wartosci\/\" class=\"_self\" target=\"_self\" >Nasze Warto\u015bci<\/a><span class=\"ez-toc-section-end\"><\/span><\/h4>\n<div class=\"pt-cv-content\">open knowledge, proven and repeatable, opensourceintelligent leadership modeled on nature, dolphins ...<br \/><div class=\"pt-cv-rmwrap\"><a href=\"https:\/\/softreck.de\/de\/softreck\/nasze-wartosci\/\" class=\"_self pt-cv-readmore btn btn-success\" target=\"_self\">Czytaj Dalej<\/a><\/div><\/div><\/div><\/div>\n<div class=\"col-md-6 col-sm-6 col-xs-12 pt-cv-content-item pt-cv-1-col\" ><div class='pt-cv-ifield'><a href=\"https:\/\/softreck.de\/de\/softreck\/o-delfinach\/\" class=\"_self pt-cv-href-thumbnail pt-cv-thumb-default\" target=\"_self\" ><img loading=\"lazy\" decoding=\"async\" width=\"300\" height=\"91\" src=\"https:\/\/softreck.de\/wp-content\/uploads\/2020\/02\/w-tle-2-wide-1-300x91.png\" class=\"pt-cv-thumbnail\" alt=\"\" srcset=\"https:\/\/softreck.de\/wp-content\/uploads\/2020\/02\/w-tle-2-wide-1-300x91.png 300w, https:\/\/softreck.de\/wp-content\/uploads\/2020\/02\/w-tle-2-wide-1-768x234.png 768w, https:\/\/softreck.de\/wp-content\/uploads\/2020\/02\/w-tle-2-wide-1.png 805w\" sizes=\"auto, (max-width: 300px) 100vw, 300px\" \/><\/a>\n<h4 class=\"pt-cv-title\"><span class=\"ez-toc-section\" id=\"O_Delfinach\"><\/span><a href=\"https:\/\/softreck.de\/de\/softreck\/o-delfinach\/\" class=\"_self\" target=\"_self\" >O Delfinach<\/a><span class=\"ez-toc-section-end\"><\/span><\/h4>\n<div class=\"pt-cv-content\">Ciekawe informacje o delfinach. Delfin to ssaki wodne z rz\u0119du waleni. Wyr\u00f3\u017cnia si\u0119 dwa rodzaje delfin\u00f3w: oceaniczne i s\u0142odkowodne. Rodzina ...<br \/><div class=\"pt-cv-rmwrap\"><a href=\"https:\/\/softreck.de\/de\/softreck\/o-delfinach\/\" class=\"_self pt-cv-readmore btn btn-success\" target=\"_self\">Czytaj Dalej<\/a><\/div><\/div><\/div><\/div><\/div><\/div><\/div><\/div><div style='text-align:left' class='yasr-auto-insert-visitor'><\/div>","protected":false},"excerpt":{"rendered":"<p>Softreck wspiera lider\u00f3w rynku w Europie. Leadership Through Software Development.<\/p>","protected":false},"author":1,"featured_media":4073,"parent":0,"menu_order":0,"comment_status":"closed","ping_status":"closed","template":"","meta":{"yasr_overall_rating":0,"yasr_post_is_review":"","yasr_auto_insert_disabled":"","yasr_review_type":"","footnotes":""},"class_list":["post-4090","page","type-page","status-publish","has-post-thumbnail","hentry"],"yasr_visitor_votes":{"stars_attributes":{"read_only":false,"span_bottom":false},"number_of_votes":0,"sum_votes":0},"_links":{"self":[{"href":"https:\/\/softreck.de\/de\/wp-json\/wp\/v2\/pages\/4090","targetHints":{"allow":["GET"]}}],"collection":[{"href":"https:\/\/softreck.de\/de\/wp-json\/wp\/v2\/pages"}],"about":[{"href":"https:\/\/softreck.de\/de\/wp-json\/wp\/v2\/types\/page"}],"author":[{"embeddable":true,"href":"https:\/\/softreck.de\/de\/wp-json\/wp\/v2\/users\/1"}],"replies":[{"embeddable":true,"href":"https:\/\/softreck.de\/de\/wp-json\/wp\/v2\/comments?post=4090"}],"version-history":[{"count":37,"href":"https:\/\/softreck.de\/de\/wp-json\/wp\/v2\/pages\/4090\/revisions"}],"predecessor-version":[{"id":4752,"href":"https:\/\/softreck.de\/de\/wp-json\/wp\/v2\/pages\/4090\/revisions\/4752"}],"wp:featuredmedia":[{"embeddable":true,"href":"https:\/\/softreck.de\/de\/wp-json\/wp\/v2\/media\/4073"}],"wp:attachment":[{"href":"https:\/\/softreck.de\/de\/wp-json\/wp\/v2\/media?parent=4090"}],"curies":[{"name":"wp","href":"https:\/\/api.w.org\/{rel}","templated":true}]}}