{"id":4087,"date":"2020-02-28T22:40:25","date_gmt":"2020-02-28T21:40:25","guid":{"rendered":"https:\/\/softreck.pl\/?page_id=4087"},"modified":"2020-02-28T22:51:57","modified_gmt":"2020-02-28T21:51:57","slug":"oferty-pracy","status":"publish","type":"page","link":"https:\/\/softreck.de\/de\/kariera\/oferty-pracy\/","title":{"rendered":"Oferty pracy"},"content":{"rendered":"<h2 class=\"wp-block-heading\"><span class=\"ez-toc-section\" id=\"Ucz_sie_razem_z_nami\"><\/span>Ucz si\u0119 razem z nami<span class=\"ez-toc-section-end\"><\/span><\/h2>\n\n\n\n<p>Ukierunkowanie codziennych zada\u0144 pozwala w d\u0142ugotrwa\u0142ej perspektywie osigni\u0119cie mistrzostwa w danej dziedzinie.<\/p>\n\n\n\n<h2 class=\"wp-block-heading\"><span class=\"ez-toc-section\" id=\"Osiaganie_mistrzostwa\"><\/span>Osi\u0105ganie mistrzostwa<span class=\"ez-toc-section-end\"><\/span><\/h2>\n\n\n\n<p>Je\u015bli uwa\u017casz, \u017ce warto by\u0107 liderem w programowaniu, to zapraszamy do nas, gwarantujemy dobry warsztat pracy i najlepsze narz\u0119dzia dost\u0119pne dla najlepszych programist\u00f3w!<\/p>\n\n\n\n<h2 class=\"wp-block-heading\"><span class=\"ez-toc-section\" id=\"Technologie\"><\/span>Technologie<span class=\"ez-toc-section-end\"><\/span><\/h2>\n\n\n\n<p>Wykorzystujemy takie j\u0119zyki programowania jak: <\/p>\n\n\n\n<ul class=\"wp-block-list\"><li>Java<\/li><li>JavaScript<\/li><li>NodeJS<\/li><li>Php<\/li><li>Python<\/li><\/ul>\n\n\n\n<h2 class=\"wp-block-heading\"><span class=\"ez-toc-section\" id=\"Ludzie\"><\/span>Ludzie<span class=\"ez-toc-section-end\"><\/span><\/h2>\n\n\n\n<p>Nasz zesp\u00f3\u0142 liczy kilka os\u00f3b<\/p>\n<div style='text-align:left' class='yasr-auto-insert-visitor'><\/div>","protected":false},"excerpt":{"rendered":"<p>Ucz si\u0119 razem z nami Ukierunkowanie codziennych zada\u0144 pozwala w d\u0142ugotrwa\u0142ej perspektywie osigni\u0119cie mistrzostwa w danej dziedzinie. Osi\u0105ganie mistrzostwa Je\u015bli uwa\u017casz, \u017ce warto by\u0107 liderem w programowaniu, to zapraszamy do nas, gwarantujemy dobry warsztat pracy i najlepsze narz\u0119dzia dost\u0119pne dla najlepszych programist\u00f3w! Technologie Wykorzystujemy takie j\u0119zyki programowania jak: Java JavaScript NodeJS Php Python Ludzie Nasz [&hellip;]<\/p>\n","protected":false},"author":1,"featured_media":3998,"parent":4082,"menu_order":0,"comment_status":"closed","ping_status":"closed","template":"","meta":{"yasr_overall_rating":0,"yasr_post_is_review":"","yasr_auto_insert_disabled":"","yasr_review_type":"","footnotes":""},"class_list":["post-4087","page","type-page","status-publish","has-post-thumbnail","hentry"],"yasr_visitor_votes":{"stars_attributes":{"read_only":false,"span_bottom":false},"number_of_votes":0,"sum_votes":0},"_links":{"self":[{"href":"https:\/\/softreck.de\/de\/wp-json\/wp\/v2\/pages\/4087","targetHints":{"allow":["GET"]}}],"collection":[{"href":"https:\/\/softreck.de\/de\/wp-json\/wp\/v2\/pages"}],"about":[{"href":"https:\/\/softreck.de\/de\/wp-json\/wp\/v2\/types\/page"}],"author":[{"embeddable":true,"href":"https:\/\/softreck.de\/de\/wp-json\/wp\/v2\/users\/1"}],"replies":[{"embeddable":true,"href":"https:\/\/softreck.de\/de\/wp-json\/wp\/v2\/comments?post=4087"}],"version-history":[{"count":1,"href":"https:\/\/softreck.de\/de\/wp-json\/wp\/v2\/pages\/4087\/revisions"}],"predecessor-version":[{"id":4089,"href":"https:\/\/softreck.de\/de\/wp-json\/wp\/v2\/pages\/4087\/revisions\/4089"}],"up":[{"embeddable":true,"href":"https:\/\/softreck.de\/de\/wp-json\/wp\/v2\/pages\/4082"}],"wp:featuredmedia":[{"embeddable":true,"href":"https:\/\/softreck.de\/de\/wp-json\/wp\/v2\/media\/3998"}],"wp:attachment":[{"href":"https:\/\/softreck.de\/de\/wp-json\/wp\/v2\/media?parent=4087"}],"curies":[{"name":"wp","href":"https:\/\/api.w.org\/{rel}","templated":true}]}}