{"id":3802,"date":"2020-02-16T04:07:15","date_gmt":"2020-02-16T03:07:15","guid":{"rendered":"https:\/\/softreck.pl\/?page_id=3802"},"modified":"2020-03-08T23:59:10","modified_gmt":"2020-03-08T22:59:10","slug":"oprogramowanie-dedykowane","status":"publish","type":"page","link":"https:\/\/softreck.de\/de\/oprogramowanie-dedykowane\/","title":{"rendered":"Oprogramowanie dedykowane"},"content":{"rendered":"<p>Ka\u017cdy z naszych produkt\u00f3w opensourcowych daje d\u0142ugoterminowe oszcz\u0119dno\u015bci przy codziennym, rutynowym zmierzaniu do pozycji lidera w bran\u017cy.<\/p>\n\n\n\n<p><\/p>\n\n\n\n<h2 class=\"wp-block-heading\"><span class=\"ez-toc-section\" id=\"Korzysci_z_zastosowania_rozwiazania_dedykowanego\"><\/span>Korzy\u015bci z zastosowania rozwi\u0105zania dedykowanego<span class=\"ez-toc-section-end\"><\/span><\/h2>\n\n\n\n<ol class=\"wp-block-list\"><li>Bezpiecze\u0144stwo systemu<\/li><li>Uszyte na miar\u0119 funkcjonalno\u015bci<\/li><li>Szybko\u015b\u0107 dzia\u0142ania narz\u0119dzia<\/li><li>Kontrola oprogramowania<\/li><\/ol>\n\n\n\n<h2 class=\"wp-block-heading\"><span class=\"ez-toc-section\" id=\"Dedykowane_oprogramowanie_stworzone_i_utrzymywane_przez_firme_Softreck\"><\/span>Dedykowane oprogramowanie stworzone i utrzymywane przez firm\u0119 Softreck<span class=\"ez-toc-section-end\"><\/span><\/h2>\n\n\n\n<div class=\"pt-cv-wrapper\"><div class=\"pt-cv-view pt-cv-grid pt-cv-colsys\" id=\"pt-cv-view-f65e721im2\"><div data-id=\"pt-cv-page-1\" class=\"pt-cv-page\" data-cvc=\"1\"><div class=\"col-md-12 col-sm-12 col-xs-12 pt-cv-content-item pt-cv-2-col\" ><div class='pt-cv-ifield'><a href=\"https:\/\/softreck.de\/de\/harmonogram-pl\/\" class=\"_self pt-cv-href-thumbnail pt-cv-thumb-left\" target=\"_self\" ><\/a>\n<h4 class=\"pt-cv-title\"><span class=\"ez-toc-section\" id=\"harmonogrampl\"><\/span><a href=\"https:\/\/softreck.de\/de\/harmonogram-pl\/\" class=\"_self\" target=\"_self\" >harmonogram.pl<\/a><span class=\"ez-toc-section-end\"><\/span><\/h4>\n<div class=\"pt-cv-content\">\n<p>planowanie d\u0142ugoterminowe, tygodniowe, miesi\u0119czne, kwartalne, roczne, dekady <\/p>\n<div style='text-align:left' class='yasr-auto-insert-visitor'><\/div><\/div><\/div><\/div>\n<div class=\"col-md-12 col-sm-12 col-xs-12 pt-cv-content-item pt-cv-2-col\" ><div class='pt-cv-ifield'><a href=\"https:\/\/softreck.de\/de\/nieobecnosc-pl\/\" class=\"_self pt-cv-href-thumbnail pt-cv-thumb-left\" target=\"_self\" ><\/a>\n<h4 class=\"pt-cv-title\"><span class=\"ez-toc-section\" id=\"nieobecnoscpl\"><\/span><a href=\"https:\/\/softreck.de\/de\/nieobecnosc-pl\/\" class=\"_self\" target=\"_self\" >nieobecnosc.pl<\/a><span class=\"ez-toc-section-end\"><\/span><\/h4>\n<div class=\"pt-cv-content\">\n<p> absencja pracownicza w firmach, proste rozwi\u0105zanie dla ka\u017cdej firmy <\/p>\n<div style='text-align:left' class='yasr-auto-insert-visitor'><\/div><\/div><\/div><\/div><\/div><\/div><\/div>\n\n\n\n<p><\/p>\n<div style='text-align:left' class='yasr-auto-insert-visitor'><\/div>","protected":false},"excerpt":{"rendered":"<p>Ka\u017cdy z naszych produkt\u00f3w opensourcowych daje d\u0142ugoterminowe oszcz\u0119dno\u015bci przy codziennym, rutynowym zmierzaniu do pozycji lidera w bran\u017cy. Korzy\u015bci z zastosowania rozwi\u0105zania dedykowanego Bezpiecze\u0144stwo systemu Uszyte na miar\u0119 funkcjonalno\u015bci Szybko\u015b\u0107 dzia\u0142ania narz\u0119dzia Kontrola oprogramowania Dedykowane oprogramowanie stworzone i utrzymywane przez firm\u0119 Softreck<\/p>","protected":false},"author":1,"featured_media":84,"parent":0,"menu_order":0,"comment_status":"closed","ping_status":"closed","template":"","meta":{"yasr_overall_rating":0,"yasr_post_is_review":"","yasr_auto_insert_disabled":"","yasr_review_type":"","footnotes":""},"class_list":["post-3802","page","type-page","status-publish","has-post-thumbnail","hentry"],"yasr_visitor_votes":{"stars_attributes":{"read_only":false,"span_bottom":false},"number_of_votes":0,"sum_votes":0},"_links":{"self":[{"href":"https:\/\/softreck.de\/de\/wp-json\/wp\/v2\/pages\/3802","targetHints":{"allow":["GET"]}}],"collection":[{"href":"https:\/\/softreck.de\/de\/wp-json\/wp\/v2\/pages"}],"about":[{"href":"https:\/\/softreck.de\/de\/wp-json\/wp\/v2\/types\/page"}],"author":[{"embeddable":true,"href":"https:\/\/softreck.de\/de\/wp-json\/wp\/v2\/users\/1"}],"replies":[{"embeddable":true,"href":"https:\/\/softreck.de\/de\/wp-json\/wp\/v2\/comments?post=3802"}],"version-history":[{"count":44,"href":"https:\/\/softreck.de\/de\/wp-json\/wp\/v2\/pages\/3802\/revisions"}],"predecessor-version":[{"id":4517,"href":"https:\/\/softreck.de\/de\/wp-json\/wp\/v2\/pages\/3802\/revisions\/4517"}],"wp:featuredmedia":[{"embeddable":true,"href":"https:\/\/softreck.de\/de\/wp-json\/wp\/v2\/media\/84"}],"wp:attachment":[{"href":"https:\/\/softreck.de\/de\/wp-json\/wp\/v2\/media?parent=3802"}],"curies":[{"name":"wp","href":"https:\/\/api.w.org\/{rel}","templated":true}]}}