{"id":2732,"date":"2020-01-02T09:08:10","date_gmt":"2020-01-02T08:08:10","guid":{"rendered":"https:\/\/softreck.pl\/?page_id=2732"},"modified":"2020-03-07T21:44:16","modified_gmt":"2020-03-07T20:44:16","slug":"bezplatne-projekty-opensource","status":"publish","type":"page","link":"https:\/\/softreck.de\/de\/opensource\/bezplatne-projekty-opensource\/","title":{"rendered":"Bezp\u0142atne projekty opensource"},"content":{"rendered":"<h2 class=\"wp-block-heading\">Opensource <\/h2>\n\n\n\n<p>Oferujemy bezp\u0142atnie dost\u0119p do otwarte oprogramowania.<\/p>\n\n\n\n<p>Tworzymy projekty z otwartym kodem do bezp\u0142atnego korzystania,<\/p>\n\n\n\n<p>zapewniamy te\u017c tak d\u0142ugo jak to mo\u017cliwe merytoryczne i techniczne wsparcie.<\/p>\n\n\n\n<p>Stworzyli\u015bmy ju\u017c kilka narz\u0119dzi, kt\u00f3re wykorzystujemy w codziennej pracy.<\/p>\n\n\n\n<p>Zech\u0119camy do skorzystania i zg\u0142aszania wskaz\u00f3wek.<\/p>\n\n\n\n<p>Jeste\u015bmy gotowi do przej\u0119cia innych projekt\u00f3w Opensource, kt\u00f3re mogliby\u015bmy rozwin\u0105\u0107 w duchu naszej filozofii dzia\u0142ania.<\/p>\n\n\n\n<figure class=\"wp-block-embed-wordpress wp-block-embed is-type-wp-embed is-provider-softreck\"><div class=\"wp-block-embed__wrapper\">\n<blockquote class=\"wp-embedded-content\" data-secret=\"2XkWBSsAMx\"><a href=\"https:\/\/softreck.de\/de\/softreck\/nasze-wartosci\/\">Nasze Warto\u015bci<\/a><\/blockquote><iframe loading=\"lazy\" class=\"wp-embedded-content\" sandbox=\"allow-scripts\" security=\"restricted\" style=\"position: absolute; clip: rect(1px, 1px, 1px, 1px);\" title=\"&#8222;Nasze Warto\u015bci&#8221; &#8212; Softreck.de\" src=\"https:\/\/softreck.de\/softreck\/nasze-wartosci\/embed\/#?secret=DXVLmSAr6U#?secret=2XkWBSsAMx\" data-secret=\"2XkWBSsAMx\" width=\"600\" height=\"338\" frameborder=\"0\" marginwidth=\"0\" marginheight=\"0\" scrolling=\"no\"><\/iframe>\n<\/div><\/figure>\n<div style='text-align:left' class='yasr-auto-insert-visitor'><\/div>","protected":false},"excerpt":{"rendered":"<p>Opensource Oferujemy bezp\u0142atnie dost\u0119p do otwarte oprogramowania. Tworzymy projekty z otwartym kodem do bezp\u0142atnego korzystania, zapewniamy te\u017c tak d\u0142ugo jak to mo\u017cliwe merytoryczne i techniczne wsparcie. Stworzyli\u015bmy ju\u017c kilka narz\u0119dzi, kt\u00f3re wykorzystujemy w codziennej pracy. Zech\u0119camy do skorzystania i zg\u0142aszania wskaz\u00f3wek. Jeste\u015bmy gotowi do przej\u0119cia innych projekt\u00f3w Opensource, kt\u00f3re mogliby\u015bmy rozwin\u0105\u0107 w duchu naszej filozofii [&hellip;]<\/p>\n","protected":false},"author":1,"featured_media":0,"parent":4470,"menu_order":0,"comment_status":"closed","ping_status":"closed","template":"","meta":{"yasr_overall_rating":0,"yasr_post_is_review":"","yasr_auto_insert_disabled":"","yasr_review_type":"","footnotes":""},"class_list":["post-2732","page","type-page","status-publish","hentry"],"yasr_visitor_votes":{"stars_attributes":{"read_only":false,"span_bottom":false},"number_of_votes":0,"sum_votes":0},"_links":{"self":[{"href":"https:\/\/softreck.de\/de\/wp-json\/wp\/v2\/pages\/2732","targetHints":{"allow":["GET"]}}],"collection":[{"href":"https:\/\/softreck.de\/de\/wp-json\/wp\/v2\/pages"}],"about":[{"href":"https:\/\/softreck.de\/de\/wp-json\/wp\/v2\/types\/page"}],"author":[{"embeddable":true,"href":"https:\/\/softreck.de\/de\/wp-json\/wp\/v2\/users\/1"}],"replies":[{"embeddable":true,"href":"https:\/\/softreck.de\/de\/wp-json\/wp\/v2\/comments?post=2732"}],"version-history":[{"count":14,"href":"https:\/\/softreck.de\/de\/wp-json\/wp\/v2\/pages\/2732\/revisions"}],"predecessor-version":[{"id":4352,"href":"https:\/\/softreck.de\/de\/wp-json\/wp\/v2\/pages\/2732\/revisions\/4352"}],"up":[{"embeddable":true,"href":"https:\/\/softreck.de\/de\/wp-json\/wp\/v2\/pages\/4470"}],"wp:attachment":[{"href":"https:\/\/softreck.de\/de\/wp-json\/wp\/v2\/media?parent=2732"}],"curies":[{"name":"wp","href":"https:\/\/api.w.org\/{rel}","templated":true}]}}