{"id":2721,"date":"2020-01-02T08:50:58","date_gmt":"2020-01-02T07:50:58","guid":{"rendered":"https:\/\/softreck.pl\/?page_id=2721"},"modified":"2020-02-28T22:43:38","modified_gmt":"2020-02-28T21:43:38","slug":"o-delfinach","status":"publish","type":"page","link":"https:\/\/softreck.de\/de\/softreck\/o-delfinach\/","title":{"rendered":"O Delfinach"},"content":{"rendered":"<p>Ciekawe informacje o delfinach.<\/p>\n\n\n\n<p>Delfin to ssaki wodne z rz\u0119du waleni.<\/p>\n\n\n\n<p>Wyr\u00f3\u017cnia si\u0119 dwa rodzaje delfin\u00f3w: oceaniczne i s\u0142odkowodne.<\/p>\n\n\n\n<p>Rodzina delfinowatych jest bardzo du\u017ca i&nbsp;obejmuje oko\u0142o 70 gatunk\u00f3w: od  maluch\u00f3w niewiele d\u0142u\u017cszych ni\u017c metr po orki licz\u0105ce nawet 8&nbsp;m d\u0142ugo\u015bci.  Nie wszystkie maj\u0105 dzi\u00f3b czy sierpowat\u0105 p\u0142etw\u0119  grzbietow\u0105, a&nbsp;zdecydowana wi\u0119kszo\u015b\u0107 nie jest jednolicie szara. Wszystkie  za\u015b nale\u017c\u0105 do z\u0119bowc\u00f3w, czyli grupy waleni, kt\u00f3re w&nbsp;odr\u00f3\u017cnieniu od  wi\u0119kszo\u015bci wieloryb\u00f3w nie maj\u0105 w&nbsp;g\u0119bie fiszbin\u00f3w, tylko z\u0119by. <\/p>\n\n\n\n<p>To co do tej pory fascynuje ludzi u delfin\u00f3w jest spos\u00f3b ich bycia, j\u0119zyk i inteligencja.<\/p>\n\n\n\n<p>Towarzysko\u015b\u0107 i inteligencja to tak\u017ce cechy, kt\u00f3re cenimy w naszej firmie.<\/p>\n\n\n\n<p><\/p>\n<div style='text-align:left' class='yasr-auto-insert-visitor'><\/div>","protected":false},"excerpt":{"rendered":"<p>Ciekawe informacje o delfinach. Delfin to ssaki wodne z rz\u0119du waleni. Wyr\u00f3\u017cnia si\u0119 dwa rodzaje delfin\u00f3w: oceaniczne i s\u0142odkowodne. Rodzina delfinowatych jest bardzo du\u017ca i&nbsp;obejmuje oko\u0142o 70 gatunk\u00f3w: od maluch\u00f3w niewiele d\u0142u\u017cszych ni\u017c metr po orki licz\u0105ce nawet 8&nbsp;m d\u0142ugo\u015bci. Nie wszystkie maj\u0105 dzi\u00f3b czy sierpowat\u0105 p\u0142etw\u0119 grzbietow\u0105, a&nbsp;zdecydowana wi\u0119kszo\u015b\u0107 nie jest jednolicie szara. Wszystkie [&hellip;]<\/p>\n","protected":false},"author":1,"featured_media":4077,"parent":4090,"menu_order":0,"comment_status":"closed","ping_status":"closed","template":"","meta":{"yasr_overall_rating":0,"yasr_post_is_review":"","yasr_auto_insert_disabled":"","yasr_review_type":"","footnotes":""},"class_list":["post-2721","page","type-page","status-publish","has-post-thumbnail","hentry"],"yasr_visitor_votes":{"stars_attributes":{"read_only":false,"span_bottom":false},"number_of_votes":0,"sum_votes":0},"_links":{"self":[{"href":"https:\/\/softreck.de\/de\/wp-json\/wp\/v2\/pages\/2721","targetHints":{"allow":["GET"]}}],"collection":[{"href":"https:\/\/softreck.de\/de\/wp-json\/wp\/v2\/pages"}],"about":[{"href":"https:\/\/softreck.de\/de\/wp-json\/wp\/v2\/types\/page"}],"author":[{"embeddable":true,"href":"https:\/\/softreck.de\/de\/wp-json\/wp\/v2\/users\/1"}],"replies":[{"embeddable":true,"href":"https:\/\/softreck.de\/de\/wp-json\/wp\/v2\/comments?post=2721"}],"version-history":[{"count":3,"href":"https:\/\/softreck.de\/de\/wp-json\/wp\/v2\/pages\/2721\/revisions"}],"predecessor-version":[{"id":4024,"href":"https:\/\/softreck.de\/de\/wp-json\/wp\/v2\/pages\/2721\/revisions\/4024"}],"up":[{"embeddable":true,"href":"https:\/\/softreck.de\/de\/wp-json\/wp\/v2\/pages\/4090"}],"wp:featuredmedia":[{"embeddable":true,"href":"https:\/\/softreck.de\/de\/wp-json\/wp\/v2\/media\/4077"}],"wp:attachment":[{"href":"https:\/\/softreck.de\/de\/wp-json\/wp\/v2\/media?parent=2721"}],"curies":[{"name":"wp","href":"https:\/\/api.w.org\/{rel}","templated":true}]}}